{"id":51712,"date":"2024-03-07T10:49:27","date_gmt":"2024-03-07T09:49:27","guid":{"rendered":"https:\/\/smilesonic.com\/?post_type=product&#038;p=51712"},"modified":"2026-02-22T12:34:22","modified_gmt":"2026-02-22T11:34:22","slug":"smilesonic-aquaflow-kabellose-munddusche","status":"publish","type":"product","link":"https:\/\/smilesonic.com\/de\/produkt\/smilesonic-aquaflow-kabellose-munddusche\/","title":{"rendered":"Smilesonic AquaFlow kabellose Munddusche"},"content":{"rendered":"<p>Die kabellose Munddusche Smilesonic AquaFlow ist eine gro\u00dfartige Erg\u00e4nzung zu Ihrer t\u00e4glichen Mundhygiene-Routine. Sie hilft Ihnen, Ablagerungen an schwer zug\u00e4nglichen Stellen zu beseitigen, insbesondere in den Zahnzwischenr\u00e4umen, die von den Borsten einer normalen Zahnb\u00fcrste nicht erreicht werden k\u00f6nnen. Das Ger\u00e4t verf\u00fcgt \u00fcber ein 300-ml-Reservoir, das eine Sp\u00fclung von zwei Minuten erm\u00f6glicht. Au\u00dferdem ist es mit f\u00fcnf Modi ausgestattet, so dass jede Person den f\u00fcr sie geeigneten Modus w\u00e4hlen kann. Die kabellose Zahnsp\u00fclung Smilesonic AquaFlow ist f\u00fcr jeden geeignet, der seine Zahnzwischenr\u00e4ume bequem reinigen m\u00f6chte.<\/p>\n<p>Reinigung der Zahnzwischenr\u00e4ume auf verschiedene Arten<\/p>\n<p>Die kabellose Zahnsp\u00fclung Smilesonic AquaFlow ist mit f\u00fcnf Modi ausgestattet, die einen Druckbereich von 2,75 bis 7,6 bar bieten. Der niedrigste Druck ist in der Regel f\u00fcr Anf\u00e4nger und der h\u00f6chste f\u00fcr erfahrene Anwender von Zahnsp\u00fclern geeignet.<\/p>\n<p>Das Ger\u00e4t merkt sich den zuletzt verwendeten Modus und schaltet sich nach 120 Sekunden Bew\u00e4sserung automatisch ab. Beginnen Sie mit einer niedrigeren Einstellung und erh\u00f6hen Sie diese je nach Bedarf.<\/p>\n<p><strong>\u00a05 verschiedene auswechselbare Spitzen<\/strong><\/p>\n<p>Der Smilesonic AquaFlow Irrigator ist mit bis zu f\u00fcnf Reinigungsd\u00fcsen ausgestattet! Jede von ihnen ist f\u00fcr eine andere Reinigungsmethode konzipiert.<\/p>\n<ul>\n<li>Standardspitze &#8211; f\u00fcr die t\u00e4gliche Pflege der Zahnzwischenr\u00e4ume. Befreit sie von Speiseresten, Ablagerungen und Plaque.<\/li>\n<li>Parodontal-Handst\u00fcck &#8211; empfohlen f\u00fcr Menschen, die unter Entz\u00fcndungen im Mund leiden. Erm\u00f6glicht dem Wasserstrahl die Tiefenreinigung von engen Zahnzwischenr\u00e4umen und Zahnfleischs\u00e4umen.<\/li>\n<li>Kieferorthop\u00e4dische Spitze &#8211; speziell f\u00fcr Menschen mit Zahnspangen und Implantaten. Richtet den Wasserstrahl auf schwer zug\u00e4ngliche Stellen.<\/li>\n<li>Zahnb\u00fcrsten-Tipp: Die speziellen Borsten erm\u00f6glichen die effektive Pflege von Zahnbr\u00fccken und Implantaten.<\/li>\n<li>Zungenreinigungsspitze &#8211; zeichnet sich durch ihre spezielle Form aus, die es erleichtert, Plaque von allen Oberfl\u00e4chen der Zunge zu entfernen. So bleibt Ihr Atem l\u00e4nger frisch.<\/li>\n<\/ul>\n<p><strong>Gro\u00dfer, praktischer Wassertank<\/strong><\/p>\n<p>Der Smilesonic AquaFlow Irrigator zeichnet sich durch ein Wasserreservoir mit einem Fassungsverm\u00f6gen von bis zu 300 ml aus. Dadurch m\u00fcssen Sie ihn nur einmal f\u00fcllen, um eine volle zweimin\u00fctige Sp\u00fclung durchzuf\u00fchren. Vergessen Sie das m\u00fchsame Nachf\u00fcllen von Wasser.<\/p>\n<p><strong>Bequeme Bew\u00e4sserung \u00fcberall<\/strong><\/p>\n<p>Das Ger\u00e4t eignet sich perfekt f\u00fcr Reisen, nicht nur wegen seines leistungsstarken Akkus, sondern auch wegen seiner geringen Gr\u00f6\u00dfe, so dass es im Rucksack oder in der Reisetasche nicht zu viel Platz einnimmt. Au\u00dferdem passt es problemlos auf ein Regal im Badezimmer.<\/p>\n<p><strong><span style=\"text-decoration: underline;\">Inhalt des Kits:<\/span><\/strong><\/p>\n<ul>\n<li>Schnurlose Sp\u00fclung Smilesonic AquaFlow<\/li>\n<li>5 verschiedene Reinigungsd\u00fcsen (Standardd\u00fcse, Parodontald\u00fcse, Kieferorthop\u00e4died\u00fcse, Zahnreinigungsd\u00fcse, Zungenreinigungsd\u00fcse)<\/li>\n<li>USB-Ladekabel mit Adapter<\/li>\n<li>Betriebsanleitung auf Polnisch.<\/li>\n<\/ul>\n","protected":false},"excerpt":{"rendered":"<p>Die kabellose Munddusche Smilesonic AquaFlow ist ein hochwertiges Ger\u00e4t f\u00fcr die Pflege der Zahnzwischenr\u00e4ume in f\u00fcnf Betriebsarten mit einem Druck von 2,75 bis 7,6 bar. Sein gro\u00dfer Vorteil ist der gro\u00dfe Wassertank, der w\u00e4hrend der Sp\u00fclung nicht nachgef\u00fcllt werden muss. Der kabellose Irrigator von Smilesonic ist au\u00dferdem mit einem leistungsstarken Akku ausgestattet, der eine Betriebsdauer von bis zu zwei Wochen erm\u00f6glicht. Im Lieferumfang enthalten sind au\u00dferdem f\u00fcnf verschiedene Spezialaufs\u00e4tze und ein USB-Ladekabel mit Adapter. Das Produkt ist in vier Farbvarianten erh\u00e4ltlich: wei\u00df, schwarz, rosa oder marineblau.<\/p>\n","protected":false},"featured_media":48665,"comment_status":"open","ping_status":"closed","template":"","meta":{"_acf_changed":false},"product_brand":[],"product_cat":[3111],"product_tag":[],"class_list":{"0":"post-51712","1":"product","2":"type-product","3":"status-publish","4":"has-post-thumbnail","6":"product_cat-kabellose-mundduschen","8":"first","9":"instock","10":"shipping-taxable","11":"purchasable","12":"product-type-variable","13":"has-default-attributes"},"acf":[],"_links":{"self":[{"href":"https:\/\/smilesonic.com\/de\/wp-json\/wp\/v2\/product\/51712","targetHints":{"allow":["GET"]}}],"collection":[{"href":"https:\/\/smilesonic.com\/de\/wp-json\/wp\/v2\/product"}],"about":[{"href":"https:\/\/smilesonic.com\/de\/wp-json\/wp\/v2\/types\/product"}],"replies":[{"embeddable":true,"href":"https:\/\/smilesonic.com\/de\/wp-json\/wp\/v2\/comments?post=51712"}],"wp:featuredmedia":[{"embeddable":true,"href":"https:\/\/smilesonic.com\/de\/wp-json\/wp\/v2\/media\/48665"}],"wp:attachment":[{"href":"https:\/\/smilesonic.com\/de\/wp-json\/wp\/v2\/media?parent=51712"}],"wp:term":[{"taxonomy":"product_brand","embeddable":true,"href":"https:\/\/smilesonic.com\/de\/wp-json\/wp\/v2\/product_brand?post=51712"},{"taxonomy":"product_cat","embeddable":true,"href":"https:\/\/smilesonic.com\/de\/wp-json\/wp\/v2\/product_cat?post=51712"},{"taxonomy":"product_tag","embeddable":true,"href":"https:\/\/smilesonic.com\/de\/wp-json\/wp\/v2\/product_tag?post=51712"}],"curies":[{"name":"wp","href":"https:\/\/api.w.org\/{rel}","templated":true}]}}