{"id":47417,"date":"2023-12-05T16:21:47","date_gmt":"2024-02-09T12:38:19","guid":{"rendered":"https:\/\/smilesonic.com\/?post_type=product&#038;p=47417"},"modified":"2026-04-08T22:02:38","modified_gmt":"2026-04-08T20:02:38","slug":"ladegeraet-fuer-smilesonic-ex-schallzahnbuersten","status":"publish","type":"product","link":"https:\/\/smilesonic.com\/de\/produkt\/ladegeraet-fuer-smilesonic-ex-schallzahnbuersten\/","title":{"rendered":"Ladeger\u00e4t f\u00fcr Smilesonic EX-Schallzahnb\u00fcrsten"},"content":{"rendered":"","protected":false},"excerpt":{"rendered":"<p><strong>Das induktive Ladeger\u00e4t von Smilesonic passt f\u00fcr folgende Modelle:<\/strong><\/p>\n<ul>\n<li>Smilesonic EX<\/li>\n<li>Smilesonic GO<\/li>\n<li>Smilesonic KIDS<\/li>\n<\/ul>\n","protected":false},"featured_media":44054,"comment_status":"open","ping_status":"closed","template":"","meta":{"_acf_changed":false},"product_brand":[],"product_cat":[],"product_tag":[],"class_list":{"0":"post-47417","1":"product","2":"type-product","3":"status-publish","4":"has-post-thumbnail","6":"first","7":"instock","8":"shipping-taxable","9":"purchasable","10":"product-type-variable","11":"has-default-attributes"},"acf":[],"_links":{"self":[{"href":"https:\/\/smilesonic.com\/de\/wp-json\/wp\/v2\/product\/47417","targetHints":{"allow":["GET"]}}],"collection":[{"href":"https:\/\/smilesonic.com\/de\/wp-json\/wp\/v2\/product"}],"about":[{"href":"https:\/\/smilesonic.com\/de\/wp-json\/wp\/v2\/types\/product"}],"replies":[{"embeddable":true,"href":"https:\/\/smilesonic.com\/de\/wp-json\/wp\/v2\/comments?post=47417"}],"wp:featuredmedia":[{"embeddable":true,"href":"https:\/\/smilesonic.com\/de\/wp-json\/wp\/v2\/media\/44054"}],"wp:attachment":[{"href":"https:\/\/smilesonic.com\/de\/wp-json\/wp\/v2\/media?parent=47417"}],"wp:term":[{"taxonomy":"product_brand","embeddable":true,"href":"https:\/\/smilesonic.com\/de\/wp-json\/wp\/v2\/product_brand?post=47417"},{"taxonomy":"product_cat","embeddable":true,"href":"https:\/\/smilesonic.com\/de\/wp-json\/wp\/v2\/product_cat?post=47417"},{"taxonomy":"product_tag","embeddable":true,"href":"https:\/\/smilesonic.com\/de\/wp-json\/wp\/v2\/product_tag?post=47417"}],"curies":[{"name":"wp","href":"https:\/\/api.w.org\/{rel}","templated":true}]}}