{"id":15735,"date":"2019-07-19T12:28:02","date_gmt":"2019-07-19T10:28:02","guid":{"rendered":"https:\/\/smilesonic.com\/?post_type=product&#038;p=15735"},"modified":"2026-03-24T11:33:36","modified_gmt":"2026-03-24T10:33:36","slug":"dailycare-spitze","status":"publish","type":"product","link":"https:\/\/smilesonic.com\/de\/produkt\/dailycare-spitze\/","title":{"rendered":"Zahnb\u00fcrstenkopf DailyCare"},"content":{"rendered":"<p>Ab jetzt wird Z\u00e4hneputzen zum neuen Lieblingsritual! Mit den DailyCare-Zahnb\u00fcrstenk\u00f6pfen entfernst du m\u00fchelos Ablagerungen und Speisereste. F\u00fcr sch\u00f6ne gepflegte Z\u00e4hne und einen frischen Atem! Warum eine gr\u00fcndliche Reinigung wichtig ist, verraten wir dir im Folgenden.<\/p>\n<h2>Bakterielle Ablagerungen k\u00f6nnen Krankheiten beg\u00fcnstigen<\/h2>\n<p>Wusstest du, dass ein einziger Zahn zwischen 1.000 und 100.000 Bakterien beherbergt? Ein nat\u00fcrliches Vorkommen. Du musst jedoch wissen, dass diese Bakterienarten Zucker zu S\u00e4ure abbauen. Die S\u00e4uren sind der perfekte N\u00e4hrboden f\u00fcr Zahn- und Zahnfleischerkrankungen. \u00a0Daher ist es wichtig, dass du deine Z\u00e4hne t\u00e4glich intensiv pflegst und von bakteriellen Ablagerungen befreist.<\/p>\n<h2>F\u00fcr gesunde Z\u00e4hne: DailyCare-B\u00fcrstenk\u00f6pfe reinigen intensiv<\/h2>\n<p>Wie das am besten gelingt? Durch ein Zusammenspiel aus innovativer Schalltechnologie und den mittelharten Borsten der DailyCare-B\u00fcrstenk\u00f6pfe. Durch die hohe Anzahl an Schwingungen erreicht die Zahnb\u00fcrste selbst Zahnzwischenr\u00e4ume und kann dadurch tiefenrein putzen. Ein gro\u00dfer Vorteil: Die mittlere H\u00e4rte ist stark in der Putzleistung, aber dennoch sanft zum Zahnfleisch.<\/p>\n<h2>Zeit f\u00fcr einen Wechsel? Der DailyCare-B\u00fcrstenkopf zeigt es dir<\/h2>\n<p>Hand aufs Herz: Wie oft wechselst du deine Zahnb\u00fcrste beziehungsweise deinen Zahnb\u00fcrstenkopf? Zahn\u00e4rzte empfehlen einen Zyklus von ca. drei Monaten. Mit Smilesonic ist es noch einfacher. Die Borsten der DailyCare-B\u00fcrstenk\u00f6pfe haben spezielle Fasern, die sich verf\u00e4rben, umso h\u00e4ufiger du putzt.<\/p>\n<p>Die nat\u00fcrliche Fabre ist verschwunden? Dann wei\u00dft du, dass es Zeit f\u00fcr einen Wechsel ist. Passende Ersatz-Zahnb\u00fcrstenk\u00f6pfe kannst du bequem online bei Smilesonic bestellen.<\/p>\n<h2>Merk dir einfach dein Symbol, wenn du deine Schallzahnb\u00fcrste teilst<\/h2>\n<p>Z\u00e4hneputzen macht gemeinsam am meisten Spa\u00df, oder? Damit du deine Smilesonic-Schallzahnb\u00fcrste mit jemanden teilen kannst, sind die Zahnb\u00fcrstenk\u00f6pfe mit unterschiedlichen Symbolen versehen. Kreis oder Dreieck \u2013 merkt euch einfach pers\u00f6nliches Kennzeichen.<\/p>\n<h2>DailyCare-B\u00fcrstenkopf f\u00fcr Schallzahnb\u00fcrsten auf einen Blick<\/h2>\n<ul>\n<li>F\u00fcr folgende Schallzahnb\u00fcrsten geeignet: Smilesonic GO, Smilesonic EX, Smilesonic UP<\/li>\n<li>Geeignet f\u00fcr: t\u00e4gliches Z\u00e4hneputzen<\/li>\n<li>Anzahl der K\u00f6pfe im Set: 2<\/li>\n<\/ul>\n<p><em>Diese B\u00fcrstenk\u00f6pfe sind ausschlie\u00dflich f\u00fcr die Modelle Smilesonic UP, Smilesonic EX und Smilesonic GO bestimmt. Sie sind nicht mit der Smilesonic PerfectClean Zahnb\u00fcrste kompatibel.<\/em><\/p>\n","protected":false},"excerpt":{"rendered":"<p>Perfektioniere deine t\u00e4gliche Mundpflege mit den DailyCare-B\u00fcrstenk\u00f6pfen von Smilesonic. Sanft zum Zahnfleisch, stark in der Reinigung! Mit den mittelharten Borsten kannst du Bel\u00e4ge und Speisereste m\u00fchelos entfernen. Zeit f\u00fcr einen Wechsel? Dank der smarten Verschlei\u00dfanzeige von Smilesonic musst du nicht selbst dran denken.<\/p>\n<p>Die DailyCare-Zahnb\u00fcrstenk\u00f6pfe passen auf die Schallzahnb\u00fcrsten Smilesonic UP, Smilesonic EX und Smilesonic GO.<\/p>\n","protected":false},"featured_media":13964,"comment_status":"open","ping_status":"closed","template":"","meta":{"_acf_changed":false},"product_brand":[],"product_cat":[93],"product_tag":[],"class_list":{"0":"post-15735","1":"product","2":"type-product","3":"status-publish","4":"has-post-thumbnail","6":"product_cat-smilesonic-zahnbuerste-tipps","8":"first","9":"instock","10":"shipping-taxable","11":"purchasable","12":"product-type-variable","13":"has-default-attributes"},"acf":[],"_links":{"self":[{"href":"https:\/\/smilesonic.com\/de\/wp-json\/wp\/v2\/product\/15735","targetHints":{"allow":["GET"]}}],"collection":[{"href":"https:\/\/smilesonic.com\/de\/wp-json\/wp\/v2\/product"}],"about":[{"href":"https:\/\/smilesonic.com\/de\/wp-json\/wp\/v2\/types\/product"}],"replies":[{"embeddable":true,"href":"https:\/\/smilesonic.com\/de\/wp-json\/wp\/v2\/comments?post=15735"}],"wp:featuredmedia":[{"embeddable":true,"href":"https:\/\/smilesonic.com\/de\/wp-json\/wp\/v2\/media\/13964"}],"wp:attachment":[{"href":"https:\/\/smilesonic.com\/de\/wp-json\/wp\/v2\/media?parent=15735"}],"wp:term":[{"taxonomy":"product_brand","embeddable":true,"href":"https:\/\/smilesonic.com\/de\/wp-json\/wp\/v2\/product_brand?post=15735"},{"taxonomy":"product_cat","embeddable":true,"href":"https:\/\/smilesonic.com\/de\/wp-json\/wp\/v2\/product_cat?post=15735"},{"taxonomy":"product_tag","embeddable":true,"href":"https:\/\/smilesonic.com\/de\/wp-json\/wp\/v2\/product_tag?post=15735"}],"curies":[{"name":"wp","href":"https:\/\/api.w.org\/{rel}","templated":true}]}}