{"id":15731,"date":"2019-07-19T12:34:21","date_gmt":"2019-07-19T10:34:21","guid":{"rendered":"https:\/\/smilesonic.com\/?post_type=product&#038;p=15731"},"modified":"2026-03-17T13:21:47","modified_gmt":"2026-03-17T12:21:47","slug":"shinywhite-spitze","status":"publish","type":"product","link":"https:\/\/smilesonic.com\/de\/produkt\/shinywhite-spitze\/","title":{"rendered":"Zahnb\u00fcrstenkopf ShinyWhite"},"content":{"rendered":"<p>Du tr\u00e4umst von einem strahlend-sch\u00f6nen L\u00e4cheln, trinkst aber auch leidenschaftlich gerne Kaffee? Mit den ShinyWhite-Zahnb\u00fcrstenk\u00f6pfen kannst du hartn\u00e4ckige Bel\u00e4ge und Verf\u00e4rbungen auf der Zahnschmelzoberfl\u00e4che effektiv entfernen. Wie das am besten gelingt? Mit extra-dichten DuPont-Borsten und dem Maximum an Schwingung.<\/p>\n<h2>ShinyWhite-B\u00fcrstenk\u00f6pfe f\u00fcr strahlend-wei\u00dfe Z\u00e4hne<\/h2>\n<p>Kaffee, Wein und Co sind ein Genuss, hinterlassen jedoch oft hartn\u00e4ckige Verf\u00e4rbungen auf deinen Z\u00e4hnen. Die ShinyWhite-B\u00fcrstenk\u00f6pfe sind dein \u201cPartner in Crime\u201d, wenn es darum geht, deine Z\u00e4hne wieder aufzuhellen. Schon gewusst? Mit dem White-Modus deiner Smilesonic-Schallzahnb\u00fcrste erzielst du die besten Ergebnisse.<\/p>\n<h2>Profitiere vom smarten Wechselsystem der Smilesonic-B\u00fcrstenk\u00f6pfe<\/h2>\n<p>Hand aufs Herz: Wann hast du das letzte Mal deinen Zahnb\u00fcrstenkopf ausgetauscht? Experten sagen, dass die B\u00fcrsten alle drei Monate ausgewechselt werden sollten. Bei gro\u00dfer Abnutzung auch schon fr\u00fcher. Du m\u00f6chtest nicht selbst dran denken m\u00fcssen? Dann lass dich einfach von der Smilesonic Verschlei\u00dfanzeige rechtzeitig dran erinnern.<\/p>\n<h2>So unterscheidest du die B\u00fcrstenk\u00f6pfe von Smilesonic<\/h2>\n<p>Z\u00e4hneputzen macht zusammen noch mehr Spa\u00df, oder? Damit ihr eure Aufsteckb\u00fcrsten nicht verwechselt, hat sich Smilesonic etwas praktisches ausgedacht. Jeder ShinyWhite-Zahnb\u00fcrstenkopf ist mit einem speziellen Symbol gekennzeichnet.<\/p>\n<h2>ShinyWhite-B\u00fcrstenkopf f\u00fcr Schallzahnb\u00fcrsten auf einen Blick<\/h2>\n<ul>\n<li>F\u00fcr folgende Schallzahnb\u00fcrsten geeignet: Smilesonic UP, Smilesonic EX, Smilesonic GO<\/li>\n<li>Geeignet f\u00fcr: Zahnaufhellung und t\u00e4gliches Z\u00e4hneputzen<\/li>\n<li>Anzahl der K\u00f6pfe im Set: 2<\/li>\n<\/ul>\n<p><em>Diese B\u00fcrstenk\u00f6pfe sind ausschlie\u00dflich f\u00fcr die Modelle Smilesonic UP, Smilesonic EX und Smilesonic GO bestimmt. Sie sind nicht mit der Smilesonic PerfectClean Zahnb\u00fcrste kompatibel.<\/em><\/p>\n","protected":false},"excerpt":{"rendered":"<p>F\u00fcr ein strahlend-sch\u00f6nes L\u00e4cheln: Die Zahnb\u00fcrstenk\u00f6pfe ShinyWhite reinigen dank ihrer kr\u00e4ftigen Borsten besonders effektiv. Selbst hartn\u00e4ckige Flecken auf dem Zahnschmelz k\u00f6nnen entfernt werden. Perfekt f\u00fcr Weinliebhaber und Kaffee-Junkies! Zeit f\u00fcr einen Wechsel? Dank der praktischen Anzeige siehst du automatisch, wann du den B\u00fcrstenkopf austauschen solltest.<\/p>\n<p>Die ShinyWhite-Zahnb\u00fcrstenk\u00f6pfe passen auf die Schallzahnb\u00fcrsten Smilesonic UP, Smilesonic EX und Smilesonic GO.<\/p>\n","protected":false},"featured_media":14036,"comment_status":"open","ping_status":"closed","template":"","meta":{"_acf_changed":false},"product_brand":[],"product_cat":[93],"product_tag":[],"class_list":{"0":"post-15731","1":"product","2":"type-product","3":"status-publish","4":"has-post-thumbnail","6":"product_cat-smilesonic-zahnbuerste-tipps","8":"first","9":"instock","10":"shipping-taxable","11":"purchasable","12":"product-type-variable","13":"has-default-attributes"},"acf":[],"_links":{"self":[{"href":"https:\/\/smilesonic.com\/de\/wp-json\/wp\/v2\/product\/15731","targetHints":{"allow":["GET"]}}],"collection":[{"href":"https:\/\/smilesonic.com\/de\/wp-json\/wp\/v2\/product"}],"about":[{"href":"https:\/\/smilesonic.com\/de\/wp-json\/wp\/v2\/types\/product"}],"replies":[{"embeddable":true,"href":"https:\/\/smilesonic.com\/de\/wp-json\/wp\/v2\/comments?post=15731"}],"wp:featuredmedia":[{"embeddable":true,"href":"https:\/\/smilesonic.com\/de\/wp-json\/wp\/v2\/media\/14036"}],"wp:attachment":[{"href":"https:\/\/smilesonic.com\/de\/wp-json\/wp\/v2\/media?parent=15731"}],"wp:term":[{"taxonomy":"product_brand","embeddable":true,"href":"https:\/\/smilesonic.com\/de\/wp-json\/wp\/v2\/product_brand?post=15731"},{"taxonomy":"product_cat","embeddable":true,"href":"https:\/\/smilesonic.com\/de\/wp-json\/wp\/v2\/product_cat?post=15731"},{"taxonomy":"product_tag","embeddable":true,"href":"https:\/\/smilesonic.com\/de\/wp-json\/wp\/v2\/product_tag?post=15731"}],"curies":[{"name":"wp","href":"https:\/\/api.w.org\/{rel}","templated":true}]}}