{"id":15728,"date":"2019-07-19T12:38:16","date_gmt":"2019-07-19T10:38:16","guid":{"rendered":"https:\/\/smilesonic.com\/?post_type=product&#038;p=15728"},"modified":"2026-02-27T22:09:54","modified_gmt":"2026-02-27T21:09:54","slug":"sensitouch-spitze","status":"publish","type":"product","link":"https:\/\/smilesonic.com\/de\/produkt\/sensitouch-spitze\/","title":{"rendered":"Zahnb\u00fcrstenkopf SensiTouch"},"content":{"rendered":"<p>M\u00f6chtest du endlich wieder selbstbewusst zur Zahnb\u00fcrste greifen? Wenn die Z\u00e4hne empfindlich reagieren, kann das t\u00e4gliche Z\u00e4hneputzen unangenehm werden. Ganz auf die Mundpflege zu verzichten ist nat\u00fcrlich keine Option. Die L\u00f6sung: Besonders weiche Borsten und sanfte Schwingungen deiner Schallzahnb\u00fcrste.<\/p>\n<p>Entdecke die SensiTouch-Zahnb\u00fcrstenk\u00f6pfe von Smilesonic. F\u00fcr sch\u00f6ne gepflegte Z\u00e4hne ohne Irritationen!<\/p>\n<h2>Schmerzfrei Z\u00e4hne putzen: Weiche Borsten am B\u00fcrstenkopf sind wichtig<\/h2>\n<p>Empfindliche Z\u00e4hne k\u00f6nnen verschiedene Ursachen haben. Was immer wichtig ist: Ein sanfte, aber dennoch gr\u00fcndliche Mundpflege. Um die Z\u00e4hne nicht unn\u00f6tig zu reizen, sind weiche Borsten von Vorteil. Ein h\u00e4ufiges Problem: Die Reinigungsleistung ist weniger intensiv.<\/p>\n<p>Mit den SensiTouch-Zahnb\u00fcrstenk\u00f6pfen kombinierst du die intensive Reinigungsleistung der Schallzahnb\u00fcrste mit extra-sanften Borsten. Ideal f\u00fcr Sensibelchen! Ablagerungen am Zahnschmelz oder Speisereste in den Zahnzwischenr\u00e4umen k\u00f6nnen m\u00fchelos gereinigt werden.<\/p>\n<h2>Zeit f\u00fcr einen Wechsel? Der SensiTouch-B\u00fcrstenkopf zeigt es dir<\/h2>\n<p>Die richtige Mundhygiene ist bei empfindlichen Z\u00e4hnen sehr wichtig. Zahn\u00e4rzte raten allgemein dazu die Zahnb\u00fcrste alle drei Monate zu wechseln. Smilesonic macht es dir noch einfacher. Die Borsten der SensiTouch-B\u00fcrstenk\u00f6pfe haben spezielle Fasern, die sich mit zunehmender Abnutzung verf\u00e4rben.<\/p>\n<p>Wenn die nat\u00fcrliche Farbe verschwunden ist, wird es Zeit f\u00fcr einen Wechsel. Passende Ersatz-Zahnb\u00fcrstenk\u00f6pfe kannst du bequem online bei Smilesonic bestellen.<\/p>\n<h2>Gemeinsam putzen, getrennt nutzen dank smarter Symbole<\/h2>\n<p>Du teilst dir mit deiner\/deinem Partner\/in eine Smilesonic-Schallzahnb\u00fcrste? Damit du immer zum richtigen Aufsatz greifst, ist jeder Smilesonic-Zahnb\u00fcrstenkopf mit einem Symbol versehen. Ob Dreieck oder Kreis, merk dir einfach dein pers\u00f6nliches Kennzeichen.<\/p>\n<h2>SensiTouch-B\u00fcrstenkopf f\u00fcr Schallzahnb\u00fcrsten auf einen Blick<\/h2>\n<ul>\n<li>F\u00fcr folgende Schallzahnb\u00fcrsten geeignet: Smilesonic GO, Smilesonic EX, Smilesonic UP<\/li>\n<li>Geeignet f\u00fcr: t\u00e4gliche Mundpflege empfindlicher Z\u00e4hne<\/li>\n<li>Anzahl der K\u00f6pfe im Set: 2<\/li>\n<\/ul>\n<p><em>Diese B\u00fcrstenk\u00f6pfe sind ausschlie\u00dflich f\u00fcr die Modelle Smilesonic UP, Smilesonic EX und Smilesonic GO bestimmt. Sie sind nicht mit der Smilesonic PerfectClean Zahnb\u00fcrste kompatibel.<\/em><\/p>\n","protected":false},"excerpt":{"rendered":"<p>Deine Z\u00e4hne z\u00e4hlen zu den Sensibelchen? Mit den SensiTouch-B\u00fcrstenk\u00f6pfen von Smilesonic musst du nicht auf eine gr\u00fcndliche Zahnreinigung verzichten. Extra-sanft zu Z\u00e4hnen und Zahnfleisch, intensiv in der Reinigung. Die besonders weichen DuPont-Borsten entfernen m\u00fchelos Bel\u00e4ge und Speisereste. Zeit f\u00fcr einen neuen Aufsatz? Dank der smarten Verschlei\u00dfanzeige von Smilesonic vergisst du den regelm\u00e4\u00dfigen Wechsel nicht mehr.<\/p>\n<p>Die SensiTouch-Zahnb\u00fcrstenk\u00f6pfe passen auf die Schallzahnb\u00fcrsten Smilesonic UP, Smilesonic EX und Smilesonic GO.<\/p>\n","protected":false},"featured_media":14012,"comment_status":"open","ping_status":"closed","template":"","meta":{"_acf_changed":false},"product_brand":[],"product_cat":[93],"product_tag":[],"class_list":{"0":"post-15728","1":"product","2":"type-product","3":"status-publish","4":"has-post-thumbnail","6":"product_cat-smilesonic-zahnbuerste-tipps","8":"first","9":"instock","10":"shipping-taxable","11":"purchasable","12":"product-type-variable","13":"has-default-attributes"},"acf":[],"_links":{"self":[{"href":"https:\/\/smilesonic.com\/de\/wp-json\/wp\/v2\/product\/15728","targetHints":{"allow":["GET"]}}],"collection":[{"href":"https:\/\/smilesonic.com\/de\/wp-json\/wp\/v2\/product"}],"about":[{"href":"https:\/\/smilesonic.com\/de\/wp-json\/wp\/v2\/types\/product"}],"replies":[{"embeddable":true,"href":"https:\/\/smilesonic.com\/de\/wp-json\/wp\/v2\/comments?post=15728"}],"wp:featuredmedia":[{"embeddable":true,"href":"https:\/\/smilesonic.com\/de\/wp-json\/wp\/v2\/media\/14012"}],"wp:attachment":[{"href":"https:\/\/smilesonic.com\/de\/wp-json\/wp\/v2\/media?parent=15728"}],"wp:term":[{"taxonomy":"product_brand","embeddable":true,"href":"https:\/\/smilesonic.com\/de\/wp-json\/wp\/v2\/product_brand?post=15728"},{"taxonomy":"product_cat","embeddable":true,"href":"https:\/\/smilesonic.com\/de\/wp-json\/wp\/v2\/product_cat?post=15728"},{"taxonomy":"product_tag","embeddable":true,"href":"https:\/\/smilesonic.com\/de\/wp-json\/wp\/v2\/product_tag?post=15728"}],"curies":[{"name":"wp","href":"https:\/\/api.w.org\/{rel}","templated":true}]}}