{"id":15725,"date":"2019-07-19T12:43:05","date_gmt":"2019-07-19T10:43:05","guid":{"rendered":"https:\/\/smilesonic.com\/?post_type=product&#038;p=15725"},"modified":"2026-02-11T20:32:40","modified_gmt":"2026-02-11T19:32:40","slug":"orthoclean-spitze","status":"publish","type":"product","link":"https:\/\/smilesonic.com\/de\/produkt\/orthoclean-spitze\/","title":{"rendered":"Zahnb\u00fcrstenkopf OrthoClean"},"content":{"rendered":"<p>Du tr\u00e4gst eine Zahnspange? Mit den OrthoClean-Zahnb\u00fcrstenk\u00f6pfen wird Z\u00e4hneputzen zum Kinderspiel. Was an den Borsten besonders ist und warum sie sogar an schwer erreichbare Stellen kommen, verraten wir dir im Folgenden.<\/p>\n<h2>Rund um die Brackets herum: Gr\u00fcndlich Z\u00e4hne putzen mit Zahnspange<\/h2>\n<p>Zugegeben: Das Tragen einer Zahnspange ist nicht immer angenehm. Oft ist das Zahnfleisch gereizt und ab und an dr\u00fccken die Dr\u00e4hte. Der gro\u00dfe Vorteil: Schon bald wirst du alle mit einem noch sch\u00f6neren L\u00e4cheln begeistern. Damit deine Z\u00e4hne gesund und gepflegt bleiben, ist eine Sache wichtig: Eine gr\u00fcndliche Mundpflege. Wie das am besten gelingt? Mit OrthoClean von Smilesonic.<\/p>\n<h2>Rund um die Brackets herum: Gr\u00fcndlich Z\u00e4hne putzen mit Zahnspange<\/h2>\n<p>F\u00fcr mehr Freude beim Z\u00e4hneputzen! Bei Zahnspangen, Br\u00fccken oder Prothesen k\u00f6nnen sich leicht Speisereste sammeln. Die OrthoClean-Zahnb\u00fcrstenk\u00f6pfe haben verl\u00e4ngerte, mittelharte Borsten, die m\u00fchelos Ablagerungen entfernen \u2013 selbst an schwer erreichbaren Stellen. F\u00fcr gesund Z\u00e4hne und einen frischen Atem!<\/p>\n<h2>Zeit f\u00fcr einen Neuen? Dein B\u00fcrstenkopf zeigt es dir<\/h2>\n<p>Ein regelm\u00e4\u00dfiger Wechsel ist f\u00fcr alle Zahnputzhelden mit oder ohne Zahnspange sehr wichtig. Zahn\u00e4rzte empfehlen ca. alle drei Monate einen neuen Aufsatz zu verwenden, bei Krankheiten oder starker Abnutzung auch schon fr\u00fcher. Die smarte Technologie von Smilesonic erinnert dich rechtzeitig an den Wechsel.<\/p>\n<p>Wie das gelingt? Mit zunehmender Abnutzung verschwindet die Farbe des B\u00fcrstenkopfs. Jetzt wird es Zeit einen neuen B\u00fcrstenkopf zu verwenden.<\/p>\n<h2>Individualit\u00e4t am Waschbecken: Dein B\u00fcrstenkopf ist gekennzeichnet<\/h2>\n<p>B\u00fcrstenk\u00f6pfe sind so individuell wie deine Bed\u00fcrfnisse. Teilst du dir deine Smilesonic-Schallzahnb\u00fcrste? Dank unterschiedlicher Symbole wei\u00dft du genau, welcher Smilesonic-B\u00fcrstenkopf zu dir geh\u00f6rt.<\/p>\n<h2>OrthoClean-B\u00fcrstenkopf f\u00fcr Schallzahnb\u00fcrsten auf einen Blick<\/h2>\n<ul>\n<li>F\u00fcr folgende Schallzahnb\u00fcrsten geeignet: Smilesonic GO, Smilesonic EX, Smilesonic UP<\/li>\n<li>Geeignet f\u00fcr: t\u00e4gliches Z\u00e4hneputzen, speziell f\u00fcr Menschen mit<strong> Zahnspange, Br\u00fccke oder Krone.<\/strong><\/li>\n<li>Anzahl der K\u00f6pfe im Set: 2<\/li>\n<\/ul>\n<p><em>Diese B\u00fcrstenk\u00f6pfe sind ausschlie\u00dflich f\u00fcr die Modelle Smilesonic UP, Smilesonic EX und Smilesonic GO bestimmt. Sie sind nicht mit der Smilesonic PerfectClean Zahnb\u00fcrste kompatibel.<\/em><\/p>\n","protected":false},"excerpt":{"rendered":"<p>F\u00fcr gepflegte Z\u00e4hne mit Zahnspange! Mit den OrthoClean-B\u00fcrstenk\u00f6pfen von Smilesonic perfektionierst du deine t\u00e4gliche Zahnreinigung. Stark in der Reinigung und ideal abgestimmt auf die Reinigung von Br\u00fccken, Prothesen und Zahnspangen. Die mittelharten Borsten sind verl\u00e4ngert und erreichen dadurch auch schwer erreichbare Stellen.<\/p>\n<p>Die OrthoClean-Zahnb\u00fcrstenk\u00f6pfe passen auf die Schallzahnb\u00fcrsten Smilesonic UP, Smilesonic EX und Smilesonic GO.<\/p>\n","protected":false},"featured_media":13988,"comment_status":"open","ping_status":"closed","template":"","meta":{"_acf_changed":false},"product_brand":[],"product_cat":[93],"product_tag":[],"class_list":{"0":"post-15725","1":"product","2":"type-product","3":"status-publish","4":"has-post-thumbnail","6":"product_cat-smilesonic-zahnbuerste-tipps","8":"first","9":"instock","10":"shipping-taxable","11":"purchasable","12":"product-type-variable","13":"has-default-attributes"},"acf":[],"_links":{"self":[{"href":"https:\/\/smilesonic.com\/de\/wp-json\/wp\/v2\/product\/15725","targetHints":{"allow":["GET"]}}],"collection":[{"href":"https:\/\/smilesonic.com\/de\/wp-json\/wp\/v2\/product"}],"about":[{"href":"https:\/\/smilesonic.com\/de\/wp-json\/wp\/v2\/types\/product"}],"replies":[{"embeddable":true,"href":"https:\/\/smilesonic.com\/de\/wp-json\/wp\/v2\/comments?post=15725"}],"wp:featuredmedia":[{"embeddable":true,"href":"https:\/\/smilesonic.com\/de\/wp-json\/wp\/v2\/media\/13988"}],"wp:attachment":[{"href":"https:\/\/smilesonic.com\/de\/wp-json\/wp\/v2\/media?parent=15725"}],"wp:term":[{"taxonomy":"product_brand","embeddable":true,"href":"https:\/\/smilesonic.com\/de\/wp-json\/wp\/v2\/product_brand?post=15725"},{"taxonomy":"product_cat","embeddable":true,"href":"https:\/\/smilesonic.com\/de\/wp-json\/wp\/v2\/product_cat?post=15725"},{"taxonomy":"product_tag","embeddable":true,"href":"https:\/\/smilesonic.com\/de\/wp-json\/wp\/v2\/product_tag?post=15725"}],"curies":[{"name":"wp","href":"https:\/\/api.w.org\/{rel}","templated":true}]}}