{"id":15669,"date":"2020-08-12T14:55:11","date_gmt":"2020-08-12T12:55:11","guid":{"rendered":"https:\/\/smilesonic.com\/?post_type=product&#038;p=15669"},"modified":"2026-04-26T10:30:02","modified_gmt":"2026-04-26T08:30:02","slug":"supremewhite-spitze","status":"publish","type":"product","link":"https:\/\/smilesonic.com\/de\/produkt\/supremewhite-spitze\/","title":{"rendered":"Zahnb\u00fcrstenkopf SupremeWhite"},"content":{"rendered":"<p>Wusstest du, dass deine Z\u00e4hne eigentlich zu den Natursch\u00f6nheiten z\u00e4hlen? Lieblingsgetr\u00e4nke wie Kaffee oder ein Glas Wein am Abend k\u00f6nnen allerdings f\u00fcr unsch\u00f6ne Verf\u00e4rbungen sorgen. Mit den SupremeWhite-Zahnb\u00fcrstenk\u00f6pfen kannst du das nat\u00fcrliche Wei\u00df deiner Z\u00e4hne wieder zum Vorschein bringen. Die extra-dichten DuPont-Borsten entfernen selbst hartn\u00e4ckige Bel\u00e4ge<\/p>\n<h2>SupremeWhite-B\u00fcrstenk\u00f6pfe f\u00fcr deine Zahnaufhellung zuhause<\/h2>\n<p>Die kleinen Freuden des Alltags sind ein Genuss, k\u00f6nnen jedoch die nat\u00fcrliche Zahnfarbe beeintr\u00e4chtigen. Wenn du Verf\u00e4rbungen und Bel\u00e4ge entfernen m\u00f6chtest, muss es nicht gleich das kostspielige Bleaching sein.<\/p>\n<p>F\u00fcr eine schonende Zahnaufhellung zu Hause sind die SupremeWhite-B\u00fcrstenk\u00f6pfe die ideale Wahl. W\u00e4hle dazu den White-Modus deiner Smilesonic-Schallzahnb\u00fcrste, um die besten Ergebnisse zu erzielen.<\/p>\n<h2>Zeit f\u00fcr einen Wechsel? Die SupremeWhite-B\u00fcrstenk\u00f6pfe zeigen es dir<\/h2>\n<p>Zahn\u00e4rzte empfehlen, dass man die Zahnb\u00fcrste oder vielmehr den Zahnb\u00fcrstenkopf alle drei Monate wechseln sollte. Dank der smarten Technologie von Smilesonic musst du nicht selbst daran denken.<\/p>\n<p>Die Borsten der SupremeWhite-B\u00fcrstenk\u00f6pfe sind mit speziellen Fasern ausgestattet, die sich mit zunehmender Abnutzung verf\u00e4rben. Sobald die nat\u00fcrliche Farbe verschwunden ist, wird es Zeit f\u00fcr einen Wechsel.<\/p>\n<h2>Gemeinsam putzen &#8211; ohne Verwechslungsgefahr<\/h2>\n<p>Ob frisch verliebt oder als Familie mit vielen gro\u00dfen und kleinen Zahnputzhelden, wenn ihr zu mehreren die Smilesonic-B\u00fcrstenk\u00f6pfe verwenden m\u00f6chtet, helfen euch die speziellen Symbole auf dem Aufsatz. So besteht keine Verwechslungsgefahr mehr.<\/p>\n<h2>SupremeWhite-B\u00fcrstenkopf f\u00fcr Schallzahnb\u00fcrsten auf einen Blick<\/h2>\n<ul>\n<li>F\u00fcr folgende Schallzahnb\u00fcrsten geeignet: Smilesonic GO, Smilesonic EX, Smilesonic UP<\/li>\n<li>Geeignet f\u00fcr: Zahnaufhellung und t\u00e4gliches Z\u00e4hneputzen<\/li>\n<li>Anzahl der K\u00f6pfe im Set: 2<\/li>\n<\/ul>\n<p><em>Diese B\u00fcrstenk\u00f6pfe sind ausschlie\u00dflich f\u00fcr die Modelle Smilesonic UP, Smilesonic EX und Smilesonic GO bestimmt. Sie sind nicht mit der Smilesonic PerfectClean Zahnb\u00fcrste kompatibel.<\/em><\/p>\n","protected":false},"excerpt":{"rendered":"<p>W\u00fcnschst du dir ein strahlend-sch\u00f6nes L\u00e4cheln? Die Zahnb\u00fcrstenk\u00f6pfe SupremeWhite sorgen mit ihren kr\u00e4ftigen Borsten f\u00fcr ein tiefenreines Ergebnis. Selbst hartn\u00e4ckige Flecken auf dem Zahnschmelz k\u00f6nnen entfernt werden. Die perfekte L\u00f6sung f\u00fcr Weinliebhaber und Kaffee-Junkies! Zeit f\u00fcr einen Wechsel? Dank der praktischen Anzeige siehst du automatisch, wann du den B\u00fcrstenkopf austauschen solltest.<\/p>\n<p>Die SupremeWhite-Zahnb\u00fcrstenk\u00f6pfe passen auf die Schallzahnb\u00fcrsten Smilesonic UP, Smilesonic EX und Smilesonic GO.<\/p>\n","protected":false},"featured_media":14060,"comment_status":"open","ping_status":"closed","template":"","meta":{"_acf_changed":false},"product_brand":[],"product_cat":[93],"product_tag":[],"class_list":{"0":"post-15669","1":"product","2":"type-product","3":"status-publish","4":"has-post-thumbnail","6":"product_cat-smilesonic-zahnbuerste-tipps","8":"first","9":"instock","10":"shipping-taxable","11":"purchasable","12":"product-type-simple"},"acf":[],"_links":{"self":[{"href":"https:\/\/smilesonic.com\/de\/wp-json\/wp\/v2\/product\/15669","targetHints":{"allow":["GET"]}}],"collection":[{"href":"https:\/\/smilesonic.com\/de\/wp-json\/wp\/v2\/product"}],"about":[{"href":"https:\/\/smilesonic.com\/de\/wp-json\/wp\/v2\/types\/product"}],"replies":[{"embeddable":true,"href":"https:\/\/smilesonic.com\/de\/wp-json\/wp\/v2\/comments?post=15669"}],"wp:featuredmedia":[{"embeddable":true,"href":"https:\/\/smilesonic.com\/de\/wp-json\/wp\/v2\/media\/14060"}],"wp:attachment":[{"href":"https:\/\/smilesonic.com\/de\/wp-json\/wp\/v2\/media?parent=15669"}],"wp:term":[{"taxonomy":"product_brand","embeddable":true,"href":"https:\/\/smilesonic.com\/de\/wp-json\/wp\/v2\/product_brand?post=15669"},{"taxonomy":"product_cat","embeddable":true,"href":"https:\/\/smilesonic.com\/de\/wp-json\/wp\/v2\/product_cat?post=15669"},{"taxonomy":"product_tag","embeddable":true,"href":"https:\/\/smilesonic.com\/de\/wp-json\/wp\/v2\/product_tag?post=15669"}],"curies":[{"name":"wp","href":"https:\/\/api.w.org\/{rel}","templated":true}]}}