{"id":15668,"date":"2020-08-12T14:59:44","date_gmt":"2020-08-12T12:59:44","guid":{"rendered":"https:\/\/smilesonic.com\/?post_type=product&#038;p=15668"},"modified":"2026-04-03T14:46:34","modified_gmt":"2026-04-03T12:46:34","slug":"kids-spitze","status":"publish","type":"product","link":"https:\/\/smilesonic.com\/de\/produkt\/kids-spitze\/","title":{"rendered":"Zahnb\u00fcrstenkopf KIDS"},"content":{"rendered":"<p>Mit den ersten Z\u00e4hnen suchen die meisten Eltern nach einer geeigneten Kinderzahnb\u00fcrste. F\u00fcr Babys mag die einfache Handzahnb\u00fcrste noch ausreichend sein. Sp\u00e4testens zu Beginn des Kindergartenalters lohnt sich der Kauf einer Kinder-Schallzahnb\u00fcrste von Smilesonic. Der dazu geh\u00f6rige B\u00fcrstenkopf KIDS ist ideal auf die Bed\u00fcrfnisse von kleinen Zahnputzhelden abgestimmt.<\/p>\n<h2>Zahnb\u00fcrstenkopf f\u00fcr Kinder: Sanft und effektiv<\/h2>\n<p>Viele Eltern fragen sich: Was kann ich tun, wenn mein Kind nicht Z\u00e4hne putzen will? Zun\u00e4chst ist es wichtig, dass du die Ursache herausfindest. Hat dein Kind tats\u00e4chlich keine Lust oder mag es zum Beispiel die verwendete Zahnb\u00fcrste nicht? Manche B\u00fcrsten sind f\u00fcr die Kleinen zu hart oder zu gro\u00df im Mund.<\/p>\n<p>Aus diesem Grund hat Smilesonic besonders auf ein kindgerechtes Design geachtet und die Produkte in Zusammenarbeit mit Experten entwickelt. Wie das Z\u00e4hneputzen zur t\u00e4glichen Lieblingsroutine wird? Ganz einfach: Man nehme eine dinostarke Schallzahnb\u00fcrste und einen Zahnb\u00fcrstenkopf mit extra-weichen Borsten, die sanft \u00fcber die empfindlichen Kinderz\u00e4hne schwingen.<\/p>\n<p>Der Zahnb\u00fcrstenkopf KIDS im Detail:<\/p>\n<ul>\n<li>F\u00fcr Modell: Smilesonic KIDS<\/li>\n<li>Konzipiert f\u00fcr das t\u00e4gliche Putzen der Kinderz\u00e4hne<\/li>\n<li>Pro Lieferumfang sind zwei Zahnb\u00fcrstenk\u00f6pfe enthalten<\/li>\n<\/ul>\n<p><u>Hinweis: Diese B\u00fcrstenk\u00f6pfe sind ausschlie\u00dflich f\u00fcr die Zahnb\u00fcrsten Smilesonic KIDS, GO, EX und UP bestimmt. Um ein effektives und sicheres Z\u00e4hneputzen zu gew\u00e4hrleisten, sollten die B\u00fcrstenk\u00f6pfe alle drei Monate und immer dann, wenn die Borsten verformt sind, ausgetauscht werden.<\/u><\/p>\n","protected":false},"excerpt":{"rendered":"<p>Kindgerecht geformt und effektiv in der Reinigung: Der Zahnb\u00fcrstenkopf KIDSist kleiner und ideal an die Bed\u00fcrfnisse von Kindern angepasst. Extra-sanfte und weiche Borsten garantieren ein angenehmes Z\u00e4hneputzen. Dank der innovativen Schalltechnologie lernen schon die Kleinsten effektiv zu putzen, ohne fest aufdr\u00fccken zu m\u00fcssen.<\/p>\n","protected":false},"featured_media":14072,"comment_status":"open","ping_status":"closed","template":"","meta":{"_acf_changed":false},"product_brand":[],"product_cat":[93],"product_tag":[],"class_list":{"0":"post-15668","1":"product","2":"type-product","3":"status-publish","4":"has-post-thumbnail","6":"product_cat-smilesonic-zahnbuerste-tipps","8":"first","9":"outofstock","10":"shipping-taxable","11":"purchasable","12":"product-type-variable","13":"has-default-attributes"},"acf":[],"_links":{"self":[{"href":"https:\/\/smilesonic.com\/de\/wp-json\/wp\/v2\/product\/15668","targetHints":{"allow":["GET"]}}],"collection":[{"href":"https:\/\/smilesonic.com\/de\/wp-json\/wp\/v2\/product"}],"about":[{"href":"https:\/\/smilesonic.com\/de\/wp-json\/wp\/v2\/types\/product"}],"replies":[{"embeddable":true,"href":"https:\/\/smilesonic.com\/de\/wp-json\/wp\/v2\/comments?post=15668"}],"wp:featuredmedia":[{"embeddable":true,"href":"https:\/\/smilesonic.com\/de\/wp-json\/wp\/v2\/media\/14072"}],"wp:attachment":[{"href":"https:\/\/smilesonic.com\/de\/wp-json\/wp\/v2\/media?parent=15668"}],"wp:term":[{"taxonomy":"product_brand","embeddable":true,"href":"https:\/\/smilesonic.com\/de\/wp-json\/wp\/v2\/product_brand?post=15668"},{"taxonomy":"product_cat","embeddable":true,"href":"https:\/\/smilesonic.com\/de\/wp-json\/wp\/v2\/product_cat?post=15668"},{"taxonomy":"product_tag","embeddable":true,"href":"https:\/\/smilesonic.com\/de\/wp-json\/wp\/v2\/product_tag?post=15668"}],"curies":[{"name":"wp","href":"https:\/\/api.w.org\/{rel}","templated":true}]}}