{"id":15647,"date":"2020-08-12T14:41:44","date_gmt":"2020-08-12T12:41:44","guid":{"rendered":"https:\/\/smilesonic.com\/?post_type=product&#038;p=15647"},"modified":"2025-12-17T00:41:50","modified_gmt":"2025-12-16T23:41:50","slug":"smilesonic-kids","status":"publish","type":"product","link":"https:\/\/smilesonic.com\/de\/produkt\/smilesonic-kids\/","title":{"rendered":"Schallzahnb\u00fcrsten f\u00fcr Kinder Smilesonic Kids"},"content":{"rendered":"[vc_row type=&#8220;full_width_content&#8220; full_screen_row_position=&#8220;middle&#8220; column_margin=&#8220;default&#8220; equal_height=&#8220;yes&#8220; content_placement=&#8220;middle&#8220; column_direction=&#8220;default&#8220; column_direction_tablet=&#8220;default&#8220; column_direction_phone=&#8220;default&#8220; scene_position=&#8220;center&#8220; text_color=&#8220;dark&#8220; text_align=&#8220;left&#8220; row_border_radius=&#8220;none&#8220; row_border_radius_applies=&#8220;bg&#8220; overflow=&#8220;visible&#8220; overlay_strength=&#8220;0.3&#8243; gradient_direction=&#8220;left_to_right&#8220; shape_divider_position=&#8220;bottom&#8220; bg_image_animation=&#8220;none&#8220; shape_type=&#8220;&#8220;][vc_column column_padding=&#8220;no-extra-padding&#8220; column_padding_tablet=&#8220;inherit&#8220; column_padding_phone=&#8220;inherit&#8220; column_padding_position=&#8220;all&#8220; column_element_direction_desktop=&#8220;default&#8220; column_element_spacing=&#8220;default&#8220; desktop_text_alignment=&#8220;default&#8220; tablet_text_alignment=&#8220;default&#8220; phone_text_alignment=&#8220;default&#8220; background_color_opacity=&#8220;1&#8243; background_hover_color_opacity=&#8220;1&#8243; column_backdrop_filter=&#8220;none&#8220; column_shadow=&#8220;none&#8220; column_border_radius=&#8220;none&#8220; column_link_target=&#8220;_self&#8220; column_position=&#8220;default&#8220; gradient_direction=&#8220;left_to_right&#8220; overlay_strength=&#8220;0.3&#8243; width=&#8220;1\/2&#8243; tablet_width_inherit=&#8220;default&#8220; animation_type=&#8220;default&#8220; bg_image_animation=&#8220;none&#8220; border_type=&#8220;simple&#8220; column_border_width=&#8220;none&#8220; column_border_style=&#8220;solid&#8220;][image_with_animation image_url=&#8220;14600&#8243; image_size=&#8220;full&#8220; animation_type=&#8220;entrance&#8220; animation=&#8220;Fade In&#8220; animation_easing=&#8220;default&#8220; animation_movement_type=&#8220;transform_y&#8220; hover_animation=&#8220;none&#8220; alignment=&#8220;&#8220; border_radius=&#8220;none&#8220; box_shadow=&#8220;none&#8220; image_loading=&#8220;default&#8220; max_width=&#8220;100%&#8220; max_width_mobile=&#8220;default&#8220;][\/vc_column][vc_column column_padding=&#8220;padding-5-percent&#8220; column_padding_tablet=&#8220;inherit&#8220; column_padding_phone=&#8220;inherit&#8220; column_padding_position=&#8220;left-right&#8220; top_margin_tablet=&#8220;45&#8243; top_margin_phone=&#8220;30&#8243; column_element_direction_desktop=&#8220;default&#8220; column_element_spacing=&#8220;default&#8220; desktop_text_alignment=&#8220;default&#8220; tablet_text_alignment=&#8220;default&#8220; phone_text_alignment=&#8220;default&#8220; background_color_opacity=&#8220;1&#8243; background_hover_color_opacity=&#8220;1&#8243; column_backdrop_filter=&#8220;none&#8220; column_shadow=&#8220;none&#8220; column_border_radius=&#8220;none&#8220; column_link_target=&#8220;_self&#8220; column_position=&#8220;default&#8220; gradient_direction=&#8220;left_to_right&#8220; overlay_strength=&#8220;0.3&#8243; width=&#8220;1\/2&#8243; tablet_width_inherit=&#8220;default&#8220; animation_type=&#8220;default&#8220; bg_image_animation=&#8220;none&#8220; border_type=&#8220;simple&#8220; column_border_width=&#8220;none&#8220; column_border_style=&#8220;solid&#8220;][vc_custom_heading text=&#8220;So macht Z\u00e4hneputzen Spa\u00df: Kinder-Schallzahnb\u00fcrste KIDS von Smilesonic&#8220; google_fonts=&#8220;font_family:Open%20Sans%3A300%2C300italic%2Cregular%2Citalic%2C600%2C600italic%2C700%2C700italic%2C800%2C800italic|font_style:700%20bold%20regular%3A700%3Anormal&#8220; css=&#8220;.vc_custom_1678270029363{padding-bottom: 15px !important;}&#8220;][vc_column_text]\n<ul>\n<li><strong>Die Bedienung ist ein Kinderspiel.<\/strong> Einfach Knopf dr\u00fccken und los putzen!<\/li>\n<li><strong>Zwei Reinigungsmodi f\u00fcr jedes Alter. <\/strong>Die Kinder Schallzahnb\u00fcrste von Smilesonic putzt in zwei verschieden Geschwindigkeitsstufen.<\/li>\n<li><strong>Lange Laufzeit ohne Nachladen. <\/strong>Im sanften Reinigungsmodus kann die Schallzahnb\u00fcrste bis zu zwei Monate lang mit einer einzigen Ladung arbeiten.<\/li>\n<li><strong>Ergonomischer Griff f\u00fcr kleine Kinderh\u00e4nde.<\/strong> Smilesonic KIDS ist extra schlank und leicht, damit auch kleine Zahnputzhelden selbstst\u00e4ndig damit putzen k\u00f6nnen.<\/li>\n<li><strong>Kleinere B\u00fcrsten f\u00fcr ein strahlendes Kinderlachen.<\/strong> Die Austeckb\u00fcrsten sind kleiner und ideal auf ein Kindergebiss abgestimmt.<\/li>\n<\/ul>\n[\/vc_column_text][\/vc_column][\/vc_row][vc_row type=&#8220;full_width_content&#8220; full_screen_row_position=&#8220;middle&#8220; column_margin=&#8220;default&#8220; equal_height=&#8220;yes&#8220; content_placement=&#8220;middle&#8220; column_direction=&#8220;default&#8220; column_direction_tablet=&#8220;default&#8220; column_direction_phone=&#8220;default&#8220; scene_position=&#8220;center&#8220; text_color=&#8220;dark&#8220; text_align=&#8220;left&#8220; row_border_radius=&#8220;none&#8220; row_border_radius_applies=&#8220;bg&#8220; overflow=&#8220;visible&#8220; overlay_strength=&#8220;0.3&#8243; gradient_direction=&#8220;left_to_right&#8220; shape_divider_position=&#8220;bottom&#8220; bg_image_animation=&#8220;none&#8220; shape_type=&#8220;&#8220;][vc_column column_padding=&#8220;padding-5-percent&#8220; column_padding_tablet=&#8220;inherit&#8220; column_padding_phone=&#8220;inherit&#8220; column_padding_position=&#8220;all&#8220; top_margin_tablet=&#8220;0&#8243; bottom_margin_tablet=&#8220;45&#8243; top_margin_phone=&#8220;0&#8243; bottom_margin_phone=&#8220;30&#8243; column_element_direction_desktop=&#8220;default&#8220; column_element_spacing=&#8220;default&#8220; desktop_text_alignment=&#8220;default&#8220; tablet_text_alignment=&#8220;default&#8220; phone_text_alignment=&#8220;default&#8220; background_color_opacity=&#8220;1&#8243; background_hover_color_opacity=&#8220;1&#8243; column_backdrop_filter=&#8220;none&#8220; column_shadow=&#8220;none&#8220; column_border_radius=&#8220;none&#8220; column_link_target=&#8220;_self&#8220; column_position=&#8220;default&#8220; gradient_direction=&#8220;left_to_right&#8220; overlay_strength=&#8220;0.3&#8243; width=&#8220;1\/2&#8243; tablet_width_inherit=&#8220;default&#8220; animation_type=&#8220;default&#8220; bg_image_animation=&#8220;none&#8220; border_type=&#8220;simple&#8220; column_border_width=&#8220;none&#8220; column_border_style=&#8220;solid&#8220;][vc_custom_heading text=&#8220;Zwei Putzmodi&#8220; google_fonts=&#8220;font_family:Open%20Sans%3A300%2C300italic%2Cregular%2Citalic%2C600%2C600italic%2C700%2C700italic%2C800%2C800italic|font_style:700%20bold%20regular%3A700%3Anormal&#8220; css=&#8220;.vc_custom_1626343124639{padding-bottom: 15px !important;}&#8220;][vc_column_text]\n<ul>\n<li>Clean \u2013 der Basis-Modus f\u00fcr dinostarke Z\u00e4hne. Ablagerungen, Bakterien und Verf\u00e4rbungen an der Oberfl\u00e4che des Zahnschmelzes werden effektiv entfernt. Die Geschwindigkeit betr\u00e4gt 62.000 Schwingungen pro Minute.<\/li>\n<li>Sensitiv \u2013 das Programm f\u00fcr j\u00fcngere Kinder und Kleinkinder, die noch nie eine elektrische Zahnb\u00fcrste benutzt haben oder empfindliche Z\u00e4hne und Zahnfleisch haben. Bei diesem Programm arbeitet die B\u00fcrste sanfter und erreicht eine Geschwindigkeit von 52.000 Schwingungen pro Minute.<\/li>\n<\/ul>\n[\/vc_column_text][\/vc_column][vc_column column_padding=&#8220;no-extra-padding&#8220; column_padding_tablet=&#8220;inherit&#8220; column_padding_phone=&#8220;inherit&#8220; column_padding_position=&#8220;left-right&#8220; column_element_direction_desktop=&#8220;default&#8220; column_element_spacing=&#8220;default&#8220; desktop_text_alignment=&#8220;default&#8220; tablet_text_alignment=&#8220;default&#8220; phone_text_alignment=&#8220;default&#8220; background_color_opacity=&#8220;1&#8243; background_hover_color_opacity=&#8220;1&#8243; column_backdrop_filter=&#8220;none&#8220; column_shadow=&#8220;none&#8220; column_border_radius=&#8220;none&#8220; column_link_target=&#8220;_self&#8220; column_position=&#8220;default&#8220; gradient_direction=&#8220;left_to_right&#8220; overlay_strength=&#8220;0.3&#8243; width=&#8220;1\/2&#8243; tablet_width_inherit=&#8220;default&#8220; animation_type=&#8220;default&#8220; bg_image_animation=&#8220;none&#8220; border_type=&#8220;simple&#8220; column_border_width=&#8220;none&#8220; column_border_style=&#8220;solid&#8220;][image_with_animation image_url=&#8220;14597&#8243; image_size=&#8220;full&#8220; animation_type=&#8220;entrance&#8220; animation=&#8220;Fade In&#8220; animation_easing=&#8220;default&#8220; animation_movement_type=&#8220;transform_y&#8220; hover_animation=&#8220;none&#8220; alignment=&#8220;&#8220; border_radius=&#8220;none&#8220; box_shadow=&#8220;none&#8220; image_loading=&#8220;default&#8220; max_width=&#8220;100%&#8220; max_width_mobile=&#8220;default&#8220;][\/vc_column][\/vc_row][vc_row type=&#8220;full_width_content&#8220; full_screen_row_position=&#8220;middle&#8220; column_margin=&#8220;default&#8220; equal_height=&#8220;yes&#8220; content_placement=&#8220;middle&#8220; column_direction=&#8220;default&#8220; column_direction_tablet=&#8220;default&#8220; column_direction_phone=&#8220;default&#8220; scene_position=&#8220;center&#8220; text_color=&#8220;dark&#8220; text_align=&#8220;left&#8220; row_border_radius=&#8220;none&#8220; row_border_radius_applies=&#8220;bg&#8220; overflow=&#8220;visible&#8220; overlay_strength=&#8220;0.3&#8243; gradient_direction=&#8220;left_to_right&#8220; shape_divider_position=&#8220;bottom&#8220; bg_image_animation=&#8220;none&#8220; shape_type=&#8220;&#8220;][vc_column column_padding=&#8220;no-extra-padding&#8220; column_padding_tablet=&#8220;inherit&#8220; column_padding_phone=&#8220;inherit&#8220; column_padding_position=&#8220;all&#8220; column_element_direction_desktop=&#8220;default&#8220; column_element_spacing=&#8220;default&#8220; desktop_text_alignment=&#8220;default&#8220; tablet_text_alignment=&#8220;default&#8220; phone_text_alignment=&#8220;default&#8220; background_color_opacity=&#8220;1&#8243; background_hover_color_opacity=&#8220;1&#8243; column_backdrop_filter=&#8220;none&#8220; column_shadow=&#8220;none&#8220; column_border_radius=&#8220;none&#8220; column_link_target=&#8220;_self&#8220; column_position=&#8220;default&#8220; gradient_direction=&#8220;left_to_right&#8220; overlay_strength=&#8220;0.3&#8243; width=&#8220;1\/2&#8243; tablet_width_inherit=&#8220;default&#8220; animation_type=&#8220;default&#8220; bg_image_animation=&#8220;none&#8220; border_type=&#8220;simple&#8220; column_border_width=&#8220;none&#8220; column_border_style=&#8220;solid&#8220;][image_with_animation image_url=&#8220;14594&#8243; image_size=&#8220;full&#8220; animation_type=&#8220;entrance&#8220; animation=&#8220;Fade In&#8220; animation_easing=&#8220;default&#8220; animation_movement_type=&#8220;transform_y&#8220; hover_animation=&#8220;none&#8220; alignment=&#8220;&#8220; border_radius=&#8220;none&#8220; box_shadow=&#8220;none&#8220; image_loading=&#8220;default&#8220; max_width=&#8220;100%&#8220; max_width_mobile=&#8220;default&#8220;][\/vc_column][vc_column column_padding=&#8220;padding-5-percent&#8220; column_padding_tablet=&#8220;inherit&#8220; column_padding_phone=&#8220;inherit&#8220; column_padding_position=&#8220;left-right&#8220; top_margin_tablet=&#8220;45&#8243; top_margin_phone=&#8220;30&#8243; column_element_direction_desktop=&#8220;default&#8220; column_element_spacing=&#8220;default&#8220; desktop_text_alignment=&#8220;default&#8220; tablet_text_alignment=&#8220;default&#8220; phone_text_alignment=&#8220;default&#8220; background_color_opacity=&#8220;1&#8243; background_hover_color_opacity=&#8220;1&#8243; column_backdrop_filter=&#8220;none&#8220; column_shadow=&#8220;none&#8220; column_border_radius=&#8220;none&#8220; column_link_target=&#8220;_self&#8220; column_position=&#8220;default&#8220; gradient_direction=&#8220;left_to_right&#8220; overlay_strength=&#8220;0.3&#8243; width=&#8220;1\/2&#8243; tablet_width_inherit=&#8220;default&#8220; animation_type=&#8220;default&#8220; bg_image_animation=&#8220;none&#8220; border_type=&#8220;simple&#8220; column_border_width=&#8220;none&#8220; column_border_style=&#8220;solid&#8220;][vc_custom_heading text=&#8220;Dinostarker Lithium-Akku&#8220; google_fonts=&#8220;font_family:Open%20Sans%3A300%2C300italic%2Cregular%2Citalic%2C600%2C600italic%2C700%2C700italic%2C800%2C800italic|font_style:700%20bold%20regular%3A700%3Anormal&#8220; css=&#8220;.vc_custom_1678270087042{padding-bottom: 15px !important;}&#8220;][vc_column_text]Der in der Zahnb\u00fcrste eingebaute Lithium-Akku kann bis zu zwei Monate mit einer einzigen Ladung arbeiten. Ideal f\u00fcr Kinder, die nicht immer daran denken, die Zahnb\u00fcrste auf die Ladestation zu stecken. Besonders praktisch: Am Griff leuchtet es automatisch, wenn es Zeit zum Aufladen ist.[\/vc_column_text][vc_custom_heading text=&#8220;Kinderleichte Bedienung&#8220; google_fonts=&#8220;font_family:Open%20Sans%3A300%2C300italic%2Cregular%2Citalic%2C600%2C600italic%2C700%2C700italic%2C800%2C800italic|font_style:700%20bold%20regular%3A700%3Anormal&#8220; css=&#8220;.vc_custom_1626343162972{padding-bottom: 15px !important;}&#8220;][vc_column_text]Ein Knopf f\u00fcr alles! Smilesonic KIDS l\u00e4sst sich besonders einfach bedienen. Per Knopfdruck schalten Kinder die Zahnb\u00fcrste an und aus oder wechseln den Modus. Dinotastisch, oder?[\/vc_column_text][\/vc_column][\/vc_row][vc_row type=&#8220;full_width_content&#8220; full_screen_row_position=&#8220;middle&#8220; column_margin=&#8220;default&#8220; equal_height=&#8220;yes&#8220; content_placement=&#8220;middle&#8220; column_direction=&#8220;default&#8220; column_direction_tablet=&#8220;default&#8220; column_direction_phone=&#8220;default&#8220; scene_position=&#8220;center&#8220; text_color=&#8220;dark&#8220; text_align=&#8220;left&#8220; row_border_radius=&#8220;none&#8220; row_border_radius_applies=&#8220;bg&#8220; overflow=&#8220;visible&#8220; overlay_strength=&#8220;0.3&#8243; gradient_direction=&#8220;left_to_right&#8220; shape_divider_position=&#8220;bottom&#8220; bg_image_animation=&#8220;none&#8220; shape_type=&#8220;&#8220;][vc_column column_padding=&#8220;padding-5-percent&#8220; column_padding_tablet=&#8220;inherit&#8220; column_padding_phone=&#8220;inherit&#8220; column_padding_position=&#8220;all&#8220; top_margin_tablet=&#8220;0&#8243; bottom_margin_tablet=&#8220;45&#8243; top_margin_phone=&#8220;0&#8243; bottom_margin_phone=&#8220;30&#8243; column_element_direction_desktop=&#8220;default&#8220; column_element_spacing=&#8220;default&#8220; desktop_text_alignment=&#8220;default&#8220; tablet_text_alignment=&#8220;default&#8220; phone_text_alignment=&#8220;default&#8220; background_color_opacity=&#8220;1&#8243; background_hover_color_opacity=&#8220;1&#8243; column_backdrop_filter=&#8220;none&#8220; column_shadow=&#8220;none&#8220; column_border_radius=&#8220;none&#8220; column_link_target=&#8220;_self&#8220; column_position=&#8220;default&#8220; gradient_direction=&#8220;left_to_right&#8220; overlay_strength=&#8220;0.3&#8243; width=&#8220;1\/2&#8243; tablet_width_inherit=&#8220;default&#8220; animation_type=&#8220;default&#8220; bg_image_animation=&#8220;none&#8220; border_type=&#8220;simple&#8220; column_border_width=&#8220;none&#8220; column_border_style=&#8220;solid&#8220;][vc_custom_heading text=&#8220;Griff in Kindergr\u00f6\u00dfe&#8220; google_fonts=&#8220;font_family:Open%20Sans%3A300%2C300italic%2Cregular%2Citalic%2C600%2C600italic%2C700%2C700italic%2C800%2C800italic|font_style:700%20bold%20regular%3A700%3Anormal&#8220; css=&#8220;.vc_custom_1626343176846{padding-bottom: 15px !important;}&#8220;][vc_column_text]Dein Kind m\u00f6chte selbstst\u00e4ndig putzen? Kein Problem! Die Kinder Schallzahnb\u00fcrste von Smilesonic l\u00e4sst sich nicht nur einfach bedienen, sondern liegt auch leicht und angenehm in der Hand. Perfekt f\u00fcr kleine H\u00e4nde![\/vc_column_text][vc_custom_heading text=&#8220;Inklusive Aufsteckb\u00fcrsten f\u00fcr Kinder&#8220; google_fonts=&#8220;font_family:Open%20Sans%3A300%2C300italic%2Cregular%2Citalic%2C600%2C600italic%2C700%2C700italic%2C800%2C800italic|font_style:700%20bold%20regular%3A700%3Anormal&#8220; css=&#8220;.vc_custom_1678270165252{padding-bottom: 15px !important;}&#8220;][vc_column_text]Was die beste Schallzahnb\u00fcrste f\u00fcr Kinder ausmacht? An erster Stelle stehen weiche Borsten, angepasst an das kleine Gebiss von Kindern. F\u00fcr eine sanfte und gr\u00fcndliche Reinigung! Wenn du dich f\u00fcr eine Smilesonic KIDS entscheidest, sind die zwei passende Aufsteckb\u00fcrsten sogar inklusive.<\/p>\n<p>Das Produkt wird durch eine 24-monatige Garantie abgedeckt.[\/vc_column_text][\/vc_column][vc_column column_padding=&#8220;no-extra-padding&#8220; column_padding_tablet=&#8220;inherit&#8220; column_padding_phone=&#8220;inherit&#8220; column_padding_position=&#8220;left-right&#8220; column_element_direction_desktop=&#8220;default&#8220; column_element_spacing=&#8220;default&#8220; desktop_text_alignment=&#8220;default&#8220; tablet_text_alignment=&#8220;default&#8220; phone_text_alignment=&#8220;default&#8220; background_color_opacity=&#8220;1&#8243; background_hover_color_opacity=&#8220;1&#8243; column_backdrop_filter=&#8220;none&#8220; column_shadow=&#8220;none&#8220; column_border_radius=&#8220;none&#8220; column_link_target=&#8220;_self&#8220; column_position=&#8220;default&#8220; gradient_direction=&#8220;left_to_right&#8220; overlay_strength=&#8220;0.3&#8243; width=&#8220;1\/2&#8243; tablet_width_inherit=&#8220;default&#8220; animation_type=&#8220;default&#8220; bg_image_animation=&#8220;none&#8220; border_type=&#8220;simple&#8220; column_border_width=&#8220;none&#8220; column_border_style=&#8220;solid&#8220;][image_with_animation image_url=&#8220;14603&#8243; image_size=&#8220;full&#8220; animation_type=&#8220;entrance&#8220; animation=&#8220;Fade In&#8220; animation_easing=&#8220;default&#8220; animation_movement_type=&#8220;transform_y&#8220; hover_animation=&#8220;none&#8220; alignment=&#8220;&#8220; border_radius=&#8220;none&#8220; box_shadow=&#8220;none&#8220; image_loading=&#8220;default&#8220; max_width=&#8220;100%&#8220; max_width_mobile=&#8220;default&#8220;][\/vc_column][\/vc_row][vc_row type=&#8220;in_container&#8220; full_screen_row_position=&#8220;middle&#8220; column_margin=&#8220;default&#8220; column_direction=&#8220;default&#8220; column_direction_tablet=&#8220;default&#8220; column_direction_phone=&#8220;default&#8220; scene_position=&#8220;center&#8220; top_padding=&#8220;3%&#8220; bottom_padding=&#8220;2%&#8220; text_color=&#8220;dark&#8220; text_align=&#8220;left&#8220; row_border_radius=&#8220;none&#8220; row_border_radius_applies=&#8220;bg&#8220; overflow=&#8220;visible&#8220; overlay_strength=&#8220;0.3&#8243; gradient_direction=&#8220;left_to_right&#8220; shape_divider_position=&#8220;bottom&#8220; bg_image_animation=&#8220;none&#8220; gradient_type=&#8220;default&#8220; shape_type=&#8220;&#8220;][vc_column column_padding=&#8220;no-extra-padding&#8220; column_padding_tablet=&#8220;inherit&#8220; column_padding_phone=&#8220;inherit&#8220; column_padding_position=&#8220;all&#8220; column_element_direction_desktop=&#8220;default&#8220; column_element_spacing=&#8220;default&#8220; desktop_text_alignment=&#8220;default&#8220; tablet_text_alignment=&#8220;default&#8220; phone_text_alignment=&#8220;default&#8220; background_color_opacity=&#8220;1&#8243; background_hover_color_opacity=&#8220;1&#8243; column_backdrop_filter=&#8220;none&#8220; column_shadow=&#8220;none&#8220; column_border_radius=&#8220;none&#8220; column_link_target=&#8220;_self&#8220; column_position=&#8220;default&#8220; gradient_direction=&#8220;left_to_right&#8220; overlay_strength=&#8220;0.3&#8243; width=&#8220;1\/1&#8243; tablet_width_inherit=&#8220;default&#8220; animation_type=&#8220;default&#8220; bg_image_animation=&#8220;none&#8220; border_type=&#8220;simple&#8220; column_border_width=&#8220;none&#8220; column_border_style=&#8220;solid&#8220;][vc_column_text text_direction=&#8220;default&#8220;]\n<h3 class=\"western\" style=\"text-align: center;\">FAQ zum Produkt<\/h3>\n[\/vc_column_text][toggles style=&#8220;minimal&#8220;][toggle color=&#8220;Default&#8220; heading_tag=&#8220;default&#8220; heading_tag_functionality=&#8220;default&#8220; title=&#8220;Welche Besonderheiten bietet die Smilesonic Kids Zahnb\u00fcrste?&#8220;][vc_column_text text_direction=&#8220;default&#8220;]\n<p align=\"left\">Die Smilesonic Kids Schallzahnb\u00fcrste ist speziell f\u00fcr Kinder entwickelt und bietet folgende Besonderheiten:<\/p>\n<ul>\n<li>\n<p align=\"left\"><b>Extra-weiche Borsten<\/b>: Sanft zu empfindlichem Kinderzahnfleisch.<\/p>\n<\/li>\n<li>\n<p align=\"left\"><b>Kleinerer B\u00fcrstenkopf<\/b>: Perfekt angepasst an die Gr\u00f6\u00dfe von Kinderz\u00e4hnen und -mund.<\/p>\n<\/li>\n<li>\n<p align=\"left\"><b>Ansprechendes Design<\/b>: Mit lustigen Dino-Motiven, die das Z\u00e4hneputzen spannend und spa\u00dfig machen.<\/p>\n<\/li>\n<\/ul>\n[\/vc_column_text][\/toggle][toggle color=&#8220;Default&#8220; heading_tag=&#8220;default&#8220; heading_tag_functionality=&#8220;default&#8220; title=&#8220;Welche Betriebsmodi bietet die Smilesonic Kids und wof\u00fcr sind sie geeignet?&#8220;][vc_column_text text_direction=&#8220;default&#8220;]\n<p align=\"left\">Die Smilesonic Kids bietet zwei Betriebsmodi:<\/p>\n<ul>\n<li>\n<p align=\"left\"><b>Clean<\/b>: Mit 62.000 Schwingungen pro Minute sorgt dieser Modus f\u00fcr eine gr\u00fcndliche Reinigung und entfernt effektiv Plaque und Ablagerungen.<\/p>\n<\/li>\n<li>\n<p align=\"left\"><b>Sensitive<\/b>: F\u00fcr eine sanfte Reinigung, ideal f\u00fcr Kinder mit empfindlichem Zahnfleisch oder j\u00fcngere Kinder, die gerade erst anfangen, eine elektrische Zahnb\u00fcrste zu benutzen.<\/p>\n<\/li>\n<\/ul>\n[\/vc_column_text][\/toggle][toggle color=&#8220;Default&#8220; heading_tag=&#8220;default&#8220; heading_tag_functionality=&#8220;default&#8220; title=&#8220;Wie unterst\u00fctzt die Smilesonic Kids Zahnb\u00fcrste die richtige Putztechnik?&#8220;][vc_column_text text_direction=&#8220;default&#8220;]\n<p align=\"left\">Die Smilesonic Kids Zahnb\u00fcrste verf\u00fcgt \u00fcber eingebaute Timer:<\/p>\n<ul>\n<li>\n<p align=\"left\"><b>30-Sekunden-Intervall-Timer<\/b>: Erinnerungen daran, den Quadranten zu wechseln, um sicherzustellen, dass alle Bereiche des Mundes gr\u00fcndlich gereinigt werden.<\/p>\n<\/li>\n<li>\n<p align=\"left\"><b>2-Minuten-Timer<\/b>: Die Zahnb\u00fcrste schaltet sich nach den empfohlenen zwei Minuten automatisch ab, um sicherzustellen, dass Kinder die richtige Putzzeit einhalten.<\/p>\n<\/li>\n<\/ul>\n[\/vc_column_text][\/toggle][toggle color=&#8220;Default&#8220; heading_tag=&#8220;default&#8220; heading_tag_functionality=&#8220;default&#8220; title=&#8220;Wie lange h\u00e4lt der Akku der Smilesonic Kids und wie wird sie aufgeladen?&#8220;][vc_column_text text_direction=&#8220;default&#8220;]\n<p align=\"left\">Die Smilesonic Kids ist mit einem langlebigen Akku ausgestattet, der bei regelm\u00e4\u00dfiger Nutzung mehrere Wochen h\u00e4lt. Der genaue Ladeintervall h\u00e4ngt von der Nutzungsh\u00e4ufigkeit ab, aber das Ger\u00e4t ist so konzipiert, dass es f\u00fcr den t\u00e4glichen Gebrauch geeignet ist und einfach wieder aufgeladen werden kann.<\/p>\n[\/vc_column_text][\/toggle][toggle color=&#8220;Default&#8220; heading_tag=&#8220;default&#8220; heading_tag_functionality=&#8220;default&#8220; title=&#8220;Was ist im Lieferumfang der Smilesonic Kids enthalten?&#8220;][vc_column_text text_direction=&#8220;default&#8220;]\n<p align=\"left\">Beim Kauf der Smilesonic Kids erh\u00e4ltst du folgendes:<\/p>\n<ul>\n<li>\n<p align=\"left\">Eine Smilesonic Kids Schallzahnb\u00fcrste mit Dino-Motiven.<\/p>\n<\/li>\n<li>\n<p align=\"left\">Einen extra-weichen Aufsteckb\u00fcrstenkopf.<\/p>\n<\/li>\n<li>\n<p align=\"left\">Ein Induktionsladeger\u00e4t.<\/p>\n<\/li>\n<li>\n<p align=\"left\">Ein Benutzerhandbuch.<\/p>\n<\/li>\n<li>\n<p align=\"left\">Eine 24-monatige Garantie auf das Produkt.<\/p>\n<\/li>\n<\/ul>\n[\/vc_column_text][\/toggle][\/toggles][\/vc_column][\/vc_row]\n","protected":false},"excerpt":{"rendered":"<p>Mit der Smilesonic-Schallzahnb\u00fcrste KIDS reinigen kleine Zahnfeen und Zahnputzhelden ihre Z\u00e4hne besonders gr\u00fcndlich! Was die beste Schallzahnb\u00fcrste f\u00fcr Kinder ausmacht? Extra-weiche Borsten, ein kleinerer B\u00fcrstenkopf und ganz wichtig: ein ansprechendes Design. F\u00fcr dinosaurierstarke Z\u00e4hne putzt die Smilesonic KIDS mit rund 62.000 Schwingungen pro Minute und passt sich dank zwei Arbeitsmodi ideal an die Bed\u00fcrfnisse deiner Kinder an.<\/p>\n","protected":false},"featured_media":14590,"comment_status":"open","ping_status":"closed","template":"","meta":{"_acf_changed":false},"product_brand":[],"product_cat":[92],"product_tag":[],"class_list":{"0":"post-15647","1":"product","2":"type-product","3":"status-publish","4":"has-post-thumbnail","6":"product_cat-smilesonic-schallzahnbuersten","8":"first","9":"instock","10":"shipping-taxable","11":"purchasable","12":"product-type-variable","13":"has-default-attributes"},"acf":[],"_links":{"self":[{"href":"https:\/\/smilesonic.com\/de\/wp-json\/wp\/v2\/product\/15647","targetHints":{"allow":["GET"]}}],"collection":[{"href":"https:\/\/smilesonic.com\/de\/wp-json\/wp\/v2\/product"}],"about":[{"href":"https:\/\/smilesonic.com\/de\/wp-json\/wp\/v2\/types\/product"}],"replies":[{"embeddable":true,"href":"https:\/\/smilesonic.com\/de\/wp-json\/wp\/v2\/comments?post=15647"}],"wp:featuredmedia":[{"embeddable":true,"href":"https:\/\/smilesonic.com\/de\/wp-json\/wp\/v2\/media\/14590"}],"wp:attachment":[{"href":"https:\/\/smilesonic.com\/de\/wp-json\/wp\/v2\/media?parent=15647"}],"wp:term":[{"taxonomy":"product_brand","embeddable":true,"href":"https:\/\/smilesonic.com\/de\/wp-json\/wp\/v2\/product_brand?post=15647"},{"taxonomy":"product_cat","embeddable":true,"href":"https:\/\/smilesonic.com\/de\/wp-json\/wp\/v2\/product_cat?post=15647"},{"taxonomy":"product_tag","embeddable":true,"href":"https:\/\/smilesonic.com\/de\/wp-json\/wp\/v2\/product_tag?post=15647"}],"curies":[{"name":"wp","href":"https:\/\/api.w.org\/{rel}","templated":true}]}}