{"id":51753,"date":"2024-05-27T14:55:42","date_gmt":"2024-05-27T12:55:42","guid":{"rendered":"https:\/\/smilesonic.com\/?page_id=51753"},"modified":"2024-05-27T15:03:58","modified_gmt":"2024-05-27T13:03:58","slug":"lieferung-und-zahlung","status":"publish","type":"page","link":"https:\/\/smilesonic.com\/de\/lieferung-und-zahlung\/","title":{"rendered":"Lieferung und Zahlung"},"content":{"rendered":"<div class=\"c-headline \">\n<h2>Zustellungsmethoden<\/h2>\n<p>Sobald Ihr Paket an den Kurier \u00fcbergeben wurde, erhalten Sie Informationen in einer separaten E-Mail.<\/p>\n<p>Die durchschnittliche Lieferzeit und die Versandkosten f\u00fcr Ihre Bestellung h\u00e4ngen von der gew\u00e4hlten Versandart ab.<\/p>\n<\/div>\n<div class=\"c-content \">\n<div class=\"a-typo is-text\">\n<div class=\"column js-mainOptionsTarget editorContent\" data-configwidth=\"1200\" data-main-options=\",,no-repeat,top left,auto\" data-edit-id=\"5622\">\n<div class=\"row clearfix2 layer_element\" data-height=\"1138:auto:auto:auto\">\n<div class=\"cells_holder clearfix2\">\n<div class=\"cell layer_element g-col-lg-12\" data-top-percent=\"0%:0%:0%:0%\" data-left-percent=\"0%:0%:0%:0%\" data-parent-height=\"1140\" data-left=\"0%:0%:0%:0%\" data-top=\"0%:0%:0%:0%\">\n<div class=\"widgets_holder\">\n<div class=\"js-widget_holder static_configuration static_widget html_widget layer_element\" data-currentview=\"1\" data-top=\"0%:0%:0%:0%\" data-left=\"0%:0%:0%:0%\" data-top-percent=\"0%:0%:0%:0%\" data-left-percent=\"0%:0%:0%:0%\" data-width=\"100%:100%:100%:100%\" data-height=\"auto:auto:auto:auto\" data-view=\"lg:1, md:1, sm:1, xs:1\" data-parent-height=\"1140\">\n<div class=\"widget html_editor\">\n<div style=\"overflow-x: auto;\">\n<table class=\"c-table is-header is-blank is-delivery\" style=\"height: 250px; width: 1315px;\" width=\"1131\">\n<thead>\n<tr>\n<th colspan=\"2\" align=\"left\" height=\"50\">Art des Versands<\/th>\n<th align=\"left\" width=\"240\">Voraussichtliche Lieferfrist<\/th>\n<th align=\"left\" width=\"240\">Gesamtversandkosten<\/th>\n<\/tr>\n<\/thead>\n<tbody>\n<tr>\n<td width=\"80\" height=\"80\" data-title=\"Spos\u00f3b\u00a0wysy\u0142ki\">\n<div style=\"width: 81px;\"><img loading=\"lazy\" decoding=\"async\" class=\"alignleft wp-image-11754\" src=\"https:\/\/smilesonic.pl\/wp-content\/uploads\/2020\/06\/logo-dhl-150x150.png\" alt=\"logo dhl\" width=\"81\" height=\"80\" title=\"\" srcset=\"https:\/\/smilesonic.com\/wp-content\/uploads\/2020\/06\/logo-dhl-150x150.png 150w, https:\/\/smilesonic.com\/wp-content\/uploads\/2020\/06\/logo-dhl-100x100.png 100w, https:\/\/smilesonic.com\/wp-content\/uploads\/2020\/06\/logo-dhl-300x300.png 300w, https:\/\/smilesonic.com\/wp-content\/uploads\/2020\/06\/logo-dhl-140x140.png 140w, https:\/\/smilesonic.com\/wp-content\/uploads\/2020\/06\/logo-dhl.png 512w, https:\/\/smilesonic.com\/wp-content\/uploads\/2020\/06\/logo-dhl-500x503.png 500w, https:\/\/smilesonic.com\/wp-content\/uploads\/2020\/06\/logo-dhl-350x350.png 350w\" sizes=\"auto, (max-width: 81px) 100vw, 81px\" \/><\/div>\n<\/td>\n<td width=\"170\" data-title=\"Typ\">DHL-Kurierdienst<\/td>\n<td data-title=\"Przewidywany czas dostawy\">\u00a02 Arbeitstage*<\/td>\n<td data-title=\"Ca\u0142kowity koszt wysy\u0142ki\">Zahlung im Voraus &#8211; 4.99 EUR<span style=\"color: #e9500e;\"><br \/>\nKostenlose Lieferung f\u00fcr Bestellungen \u00fcber 45 EUR<\/span><\/td>\n<\/tr>\n<\/tbody>\n<\/table>\n<\/div>\n<p><i>* Die Bestellung wird noch am selben Tag versandt. Voraussetzung f\u00fcr die Erf\u00fcllung ist, dass die Zahlung auf dem Konto eingeht \/ die Online-Zahlung vor 13:00 Uhr erfolgt oder die Option &#8222;Nachnahme&#8220; genutzt wird.<\/i><\/p>\n<div style=\"display: none;\">\n<h2>Cennik przesy\u0142ek zagranicznych<\/h2>\n<table border=\"1\">\n<tbody>\n<tr>\n<td colspan=\"2\">Przesy\u0142ki zagraniczne &#8211; Kurier DHL<\/td>\n<\/tr>\n<\/tbody>\n<\/table>\n<p>Die voraussichtliche Lieferzeit h\u00e4ngt vom gew\u00e4hlten Land ab und betr\u00e4gt (ab Versand) 3-7 Arbeitstage.<\/p>\n<\/div>\n<p><em><strong>Sie sind sich nicht sicher, was mit Ihrem Paket passiert ist? <\/strong>Wenn sich der Status Ihrer Lieferung seit 3 Arbeitstagen nicht ge\u00e4ndert hat und der Kurierdienst nicht versucht hat, zuzustellen und sich mit Ihnen in Verbindung zu setzen, teilen Sie uns dies bitte mit. Wir werden versuchen, die Angelegenheit so schnell wie m\u00f6glich zu kl\u00e4ren und \u00fcberpr\u00fcfen, wo sich Ihr Paket befindet.<\/em><\/p>\n<h2>Zahlungsm\u00f6glichkeiten<\/h2>\n<h3>1. PayPal-Zahlung<\/h3>\n<p>W\u00e4hrend der Zahlung werden Sie direkt zu PayPal weitergeleitet. Wenn Sie bereits PayPal-Kunde sind, k\u00f6nnen Sie sich dort mit Ihren Benutzerdaten anmelden und die Zahlung best\u00e4tigen. Wenn Sie ein neuer PayPal-Kunde sind, k\u00f6nnen Sie sich auch als Gast anmelden oder ein neues PayPal-Konto erstellen und dann die Zahlung best\u00e4tigen.<\/p>\n<div class=\"answer margin-top-10\"><\/div>\n<\/div>\n<\/div>\n<\/div>\n<\/div>\n<\/div>\n<\/div>\n<\/div>\n<\/div>\n<\/div>\n","protected":false},"excerpt":{"rendered":"<p>Zustellungsmethoden Sobald Ihr Paket an den Kurier \u00fcbergeben wurde, erhalten Sie Informationen in einer separaten E-Mail. Die durchschnittliche Lieferzeit und die Versandkosten f\u00fcr Ihre Bestellung&#8230;<\/p>\n","protected":false},"author":1,"featured_media":0,"parent":0,"menu_order":0,"comment_status":"closed","ping_status":"closed","template":"","meta":{"_acf_changed":false,"footnotes":""},"class_list":["post-51753","page","type-page","status-publish"],"acf":[],"_links":{"self":[{"href":"https:\/\/smilesonic.com\/de\/wp-json\/wp\/v2\/pages\/51753","targetHints":{"allow":["GET"]}}],"collection":[{"href":"https:\/\/smilesonic.com\/de\/wp-json\/wp\/v2\/pages"}],"about":[{"href":"https:\/\/smilesonic.com\/de\/wp-json\/wp\/v2\/types\/page"}],"author":[{"embeddable":true,"href":"https:\/\/smilesonic.com\/de\/wp-json\/wp\/v2\/users\/1"}],"replies":[{"embeddable":true,"href":"https:\/\/smilesonic.com\/de\/wp-json\/wp\/v2\/comments?post=51753"}],"version-history":[{"count":7,"href":"https:\/\/smilesonic.com\/de\/wp-json\/wp\/v2\/pages\/51753\/revisions"}],"predecessor-version":[{"id":51760,"href":"https:\/\/smilesonic.com\/de\/wp-json\/wp\/v2\/pages\/51753\/revisions\/51760"}],"wp:attachment":[{"href":"https:\/\/smilesonic.com\/de\/wp-json\/wp\/v2\/media?parent=51753"}],"curies":[{"name":"wp","href":"https:\/\/api.w.org\/{rel}","templated":true}]}}