{"id":46206,"date":"2024-01-04T14:29:18","date_gmt":"2024-01-04T13:29:18","guid":{"rendered":"https:\/\/smilesonic.com\/?page_id=46206"},"modified":"2024-01-26T15:25:36","modified_gmt":"2024-01-26T14:25:36","slug":"impressum","status":"publish","type":"page","link":"https:\/\/smilesonic.com\/de\/impressum\/","title":{"rendered":"Impressum"},"content":{"rendered":"<p>SMILESONIC Sp. z o.o.<\/p>\n<p><b>Anschrift:<\/b><\/p>\n<p>Sienna \u2013Str.9, 70-542 Szczecin, Polen<\/p>\n<p><b>E-mail: <\/b><\/p>\n<p>KUNDENDIENSTB\u00dcRO &#8211; kontakt@smilesonic.com<\/p>\n<p>GEW\u00c4HRLEISTUNG UND M\u00c4NGELR\u00dcGE &#8211; retouren@smilesonic.com<\/p>\n<p>WIDERRUFSBELEHRUNG \u2013 reklamation@smilesonic.com<\/p>\n<p><b>Tel:<\/b><br \/>\n<span style=\"color: #333333;\">+48516446370<\/span><\/p>\n<p><b>Sitz der Gesellschaft:<\/b><\/p>\n<p>Sienna \u2013Str.9, 70-542 Szczecin, Polen<\/p>\n<p><b>Umsatzsteuer-Id.-Nr.: <\/b><\/p>\n<p><span style=\"color: #333333;\">NIP: 8513251527<\/span><\/p>\n<p><span style=\"color: #1f1f1f;\"><b>Registergericht: <\/b><\/span><\/p>\n<p><strong>XIII Wydzia\u0142 Gospodarczy Krajowego Rejestru S\u0105dowego S\u0105du Rejonowego Szczecin-Centrum w Szczecinie<\/strong>,\u00a0Kr\u00f3lowej Korony Polskiej \u2013 Str.31\u00a0KRS: 0000857918<\/p>\n<p><b>Gesch\u00e4ftsf\u00fchrer:<\/b>\u00a0Maciej Gut<\/p>\n<p align=\"left\"><b>Informationen zur Online-Streitbeilegung:<\/b><\/p>\n<p>Nach geltendem Recht sind wir verpflichtet, die Verbraucher auf die Existenz der Europ\u00e4ischen Online-Streitbeilegungs-Plattform hinzuweisen, die f\u00fcr die Beilegung von Streitigkeiten genutzt werden kann, ohne dass ein Gericht eingeschaltet werden muss. F\u00fcr die Einrichtung der Plattform ist die Europ\u00e4ische Kommission zust\u00e4ndig. Sie finden die Europ\u00e4ische Online-Streitbeilegungs-Plattform hier:\u00a0<a href=\"https:\/\/ec.europa.eu\/consumers\/odr\/\" target=\"_blank\" rel=\"noopener\">https:\/\/ec.europa.eu\/consumers\/odr\/<\/a><br \/>\nDer Verk\u00e4ufer erkl\u00e4rt sich bereit, an einem Streitbeilegungsverfahren vor einer Verbraucherschlichtungsstelle teilzunehmen.<\/p>\n<p><b>Schutz Personenbezogener Daten<\/b><\/p>\n<p>Der Administrator der auf den Seiten des Shops verarbeiteten personenbezogenen Daten ist der Verk\u00e4ufer.<\/p>\n","protected":false},"excerpt":{"rendered":"<p>SMILESONIC Sp. z o.o. Anschrift: Sienna \u2013Str.9, 70-542 Szczecin, Polen E-mail: KUNDENDIENSTB\u00dcRO &#8211; kontakt@smilesonic.com GEW\u00c4HRLEISTUNG UND M\u00c4NGELR\u00dcGE &#8211; retouren@smilesonic.com WIDERRUFSBELEHRUNG \u2013 reklamation@smilesonic.com Tel: +48516446370 Sitz&#8230;<\/p>\n","protected":false},"author":1,"featured_media":0,"parent":0,"menu_order":0,"comment_status":"closed","ping_status":"closed","template":"","meta":{"_acf_changed":false,"footnotes":""},"class_list":["post-46206","page","type-page","status-publish"],"acf":[],"_links":{"self":[{"href":"https:\/\/smilesonic.com\/de\/wp-json\/wp\/v2\/pages\/46206","targetHints":{"allow":["GET"]}}],"collection":[{"href":"https:\/\/smilesonic.com\/de\/wp-json\/wp\/v2\/pages"}],"about":[{"href":"https:\/\/smilesonic.com\/de\/wp-json\/wp\/v2\/types\/page"}],"author":[{"embeddable":true,"href":"https:\/\/smilesonic.com\/de\/wp-json\/wp\/v2\/users\/1"}],"replies":[{"embeddable":true,"href":"https:\/\/smilesonic.com\/de\/wp-json\/wp\/v2\/comments?post=46206"}],"version-history":[{"count":3,"href":"https:\/\/smilesonic.com\/de\/wp-json\/wp\/v2\/pages\/46206\/revisions"}],"predecessor-version":[{"id":46952,"href":"https:\/\/smilesonic.com\/de\/wp-json\/wp\/v2\/pages\/46206\/revisions\/46952"}],"wp:attachment":[{"href":"https:\/\/smilesonic.com\/de\/wp-json\/wp\/v2\/media?parent=46206"}],"curies":[{"name":"wp","href":"https:\/\/api.w.org\/{rel}","templated":true}]}}