{"id":46202,"date":"2024-01-04T14:22:12","date_gmt":"2024-01-04T13:22:12","guid":{"rendered":"https:\/\/smilesonic.com\/?page_id=46202"},"modified":"2024-01-26T15:23:45","modified_gmt":"2024-01-26T14:23:45","slug":"datenschutzerklaerung","status":"publish","type":"page","link":"https:\/\/smilesonic.com\/de\/datenschutzerklaerung\/","title":{"rendered":"Datenschutzerkl\u00e4rung"},"content":{"rendered":"<p align=\"center\"><span style=\"font-size: medium;\"><b>Datenschutzerkl\u00e4rung <\/b><\/span><span style=\"font-size: medium;\"><b>smilesonic.com\/de<\/b><\/span><\/p>\n<p>&nbsp;<\/p>\n<p align=\"center\"><b>\u00a71 DEFINITIONEN<\/b><\/p>\n<p><strong>Datenverwalter, Verk\u00e4ufer<\/strong> &#8211; SMILESONIC Sp. z o.o., Sienna \u2013Str.9, 70-542 Szczecin, Polen, NIP 8513251527, REGON 386916949, KRS 0000857918<\/p>\n<p><strong>online Shop<\/strong> &#8211; Service smilesonic.com\/de<\/p>\n<p><b>Benutzer<\/b> \u2013 jede Person, die den Inhalt des Shops betrachtet.<\/p>\n<p>&nbsp;<\/p>\n<p align=\"center\"><b>\u00a72 SCHUTZ PERSONENBEZOGENER DATEN<\/b><\/p>\n<p>1. Der Administrator der auf den Seiten des Shops verarbeiteten personenbezogenen Daten ist der Verk\u00e4ufer.<\/p>\n<p>2. Die personenbezogenen Daten des Kunden werden gem\u00e4\u00df der Verordnung des Europ\u00e4ischen Parlaments und des Rates (EU) 2016\/679 vom 27. April 2016 \u00fcber den Schutz von Personen bei der Verarbeitung personenbezogener Daten sowie \u00fcber den freien Datenverkehr und die Aufhebung der Richtlinie 95\/46\/EG (Amtsblatt EU.L Nr. 119, S. 1) (\u201eDSGVO\u201d) verarbeitet und andere derzeit geltende gesetzliche Bestimmungen zum Schutz personenbezogener Daten.<\/p>\n<p>3. Der Verk\u00e4ufer verarbeitet personenbezogene Daten zu folgenden Zwecken:<\/p>\n<ul class=\"no-list-style-custom\">\n<li>3.1 dem Benutzer zu erm\u00f6glichen, auf die Website des Shops zuzugreifen und dessen Inhalt zu betrachten (Rechtsgrundlage: Art. 6 Abs. 1 lit. a DSGVO),<\/li>\n<li>3.2 Nutzung des auf der Website des Shops verf\u00fcgbaren Newsletters durch den Nutzer des Shops (Rechtsgrundlage: Art. 6 Abs. 1 lit. a DSGVO),\\<\/li>\n<li>3.3 die Registrierung eines Kontos auf der Website des Shops (Rechtsgrundlage: Art. 6 Abs. 1 lit. a DSGVO),<\/li>\n<li>3.4 Abschluss und Erf\u00fcllung des Kaufvertrages (Rechtsgrundlage: Art. 6 Abs. 1 lit. b DSGVO),<\/li>\n<li>3.5 Bedienung des Kontaktformulars (Rechtsgrundlage: Art. 6 Abs. 1 lit. a DSGVO),<\/li>\n<li>3.6 <span style=\"color: #1f1f1f;\">Die Informationen zur Produktverf\u00fcgbarkeit\u00a0(<\/span>Rechtsgrundlage: <span style=\"color: #1f1f1f;\">Art. 6 Abs.1 lit. a DSGVO)<\/span><\/li>\n<li>3.7 <span style=\"color: #1f1f1f;\">Treueprogramm (<\/span>Rechtsgrundlage: <span style=\"color: #1f1f1f;\">Art. 6 Abs.1 lit. b DSGVO)<\/span><\/li>\n<\/ul>\n<p>4. Im Zusammenhang mit der Verarbeitung personenbezogener Daten zu den in \u00a7 2 Abs. 3. Die personenbezogenen Daten des Nutzers k\u00f6nnen vom Verk\u00e4ufer anderen Empf\u00e4ngern oder Kategorien von Empf\u00e4ngern personenbezogener Daten zur Verf\u00fcgung gestellt werden, bei denen es sich um folgende Personen handeln kann:<\/p>\n<ul class=\"no-list-style-custom\">\n<li>4.1 Hosting-Unternehmen,<\/li>\n<li>4.2 Unternehmen, das sich mit der Pr\u00e4sentation von Werbung befasst, die auf die Pr\u00e4ferenzen des Nutzers zugeschnitten ist<\/li>\n<li>4.3 ein Unternehmen, das sich mit der Optimierung der Funktionsweise des Shops befasst,<\/li>\n<li>4.4 Kurierfirma,<\/li>\n<li>4.5 Unternehmen, das elektronische Zahlungen unterst\u00fctzt,<\/li>\n<li>4.6 Mitarbeiter,<\/li>\n<li>4.7 <span style=\"color: #1f1f1f;\">Bewertungsportal,<\/span><\/li>\n<li>4.8 Buchhaltung.<\/li>\n<\/ul>\n<p>5. Der Verk\u00e4ufer kann dar\u00fcber hinaus die vom Benutzer gesammelten personenbezogenen Daten an die in den Mitteilungen auf der Website des Shops angegebenen Personen weitergeben. Diese Unternehmen verarbeiten Daten auf der Grundlage einer Vereinbarung mit dem Verk\u00e4ufer und nur gem\u00e4\u00df den Anweisungen des Verk\u00e4ufers. Der Verk\u00e4ufer \u00fcbermittelt keine Daten au\u00dferhalb Polens \/ der EU \/ des Europ\u00e4ischen Wirtschaftsraums.<\/p>\n<p>6. Die personenbezogenen Daten des Nutzers werden f\u00fcr einen Zeitraum verarbeitet, der f\u00fcr die Erf\u00fcllung der in \u00a7 2 Abs. 3 insbesondere bis zum Vorliegen der vom Nutzer erteilten Einwilligung des Verk\u00e4ufers, bis zum Ablauf der Verj\u00e4hrungsfrist f\u00fcr m\u00f6gliche Anspr\u00fcche aus dem Kaufvertrag und f\u00fcr den Zeitraum, der zur Erf\u00fcllung einer gesetzlichen Verpflichtung des Verk\u00e4ufers (z. B. aus Steuer- oder Rechnungslegungsvorschriften) erforderlich ist.<\/p>\n<p><span style=\"font-size: medium;\">7.\u00a0Der Benutzer hat das Recht, auf seine Daten zuzugreifen und eine Kopie davon zu erhalten, das Recht, seine Daten zu berichtigen (zu \u00e4ndern), das Recht, Daten zu l\u00f6schen (wenn es nach Meinung des Benutzers keinen Grund f\u00fcr den Verk\u00e4ufer gibt, die Daten des Benutzers zu verarbeiten, kann der Benutzer verlangen, dass der Verk\u00e4ufer sie l\u00f6scht), das Recht, die Datenverarbeitung einzuschr\u00e4nken (der Benutzer kann verlangen, (der Benutzer kann vom Anbieter verlangen, die Verarbeitung der personenbezogenen Daten des Benutzers auf deren Speicherung oder auf die Durchf\u00fchrung der mit dem Benutzer vereinbarten Ma\u00dfnahmen zu beschr\u00e4nken, wenn der Anbieter nach Ansicht des Benutzers \u00fcber unrichtige Daten des Benutzers verf\u00fcgt oder diese in ungerechtfertigter Weise verarbeitet), das Recht auf Widerspruch gegen die Verarbeitung der Daten, das Recht auf Daten\u00fcbertragbarkeit, das Recht auf Beschwerde bei der Aufsichtsbeh\u00f6rde gem\u00e4\u00df Art. 77 RODO. (In der Regel k\u00f6nnen Sie sich an die Aufsichtsbeh\u00f6rde wenden, die f\u00fcr Ihren gew\u00f6hnlichen Aufenthaltsort oder Ihren Arbeitsplatz oder unseren Gesch\u00e4ftssitz zust\u00e4ndig ist) und das Recht auf Widerruf der Einwilligung in die Verarbeitung personenbezogener Daten (Sie haben das Recht, Ihre Einwilligung in die Datenverarbeitung jederzeit zu widerrufen; der Widerruf der Einwilligung ber\u00fchrt nicht die Rechtm\u00e4\u00dfigkeit der aufgrund Ihrer Einwilligung vor deren Widerruf erfolgten Verarbeitung). Um diese Rechte auszu\u00fcben, sollte der Antrag an die E-Mail-Adresse kontakt@smilesonic.com oder an den Verk\u00e4ufer gerichtet werden.<\/span><\/p>\n<p><span style=\"font-size: medium;\">8. Wenn die Angabe personenbezogener Daten durch den Benutzer erfolgt, um einen Vertrag mit dem Verk\u00e4ufer abzuschlie\u00dfen, ist die Angabe personenbezogener Daten durch den Benutzer eine Bedingung f\u00fcr den Abschluss dieses Vertrages. Die Angabe personenbezogener Daten ist in dieser Situation freiwillig, aber die Folge der Nichtbereitstellung dieser Daten ist, dass es nicht m\u00f6glich ist, einen Vertrag mit dem Verk\u00e4ufer abzuschlie\u00dfen.<\/span><\/p>\n<p>&nbsp;<\/p>\n<p style=\"text-align: center;\" align=\"left\"><span style=\"font-size: medium;\"><b>\u00a73 COOKIES<\/b><\/span><\/p>\n<p><span style=\"font-size: medium;\">1. Auf dieser Website werden Cookies und \u00e4hnliche Technologien eingesetzt. Bei Cookies handelt es sich um kleine Textdateien, die Ihr Browser automatisch erstellt und die auf Ihrem Endger\u00e4t (Laptop, Tablet, Smartphone o.\u00e4.) gespeichert werden. In dem Cookie werden Informationen abgelegt, die sich jeweils im Zusammenhang mit dem spezifisch eingesetzten Endger\u00e4t ergeben. Dies bedeutet jedoch nicht, dass wir dadurch unmittelbar Kenntnis von Ihrer Identit\u00e4t erhalten. Einige der von uns verwendeten Cookies werden nach Ende der Browser-Sitzung wieder gel\u00f6scht (sog. Sitzungs- bzw. Session-Cookies). Durch diese k\u00f6nnen wir Ihnen z.B. die seiten\u00fcbergreifenden Warenkorbanzeige anbieten, in der Sie ablesen k\u00f6nnen, wie viele Artikel sich gerade in Ihrem Warenkorb befinden und wie hoch Ihr aktueller Einkaufwert ist. Andere Cookies verbleiben auf Ihrem Rechner und erm\u00f6glichen es uns, Ihren Rechner beim n\u00e4chsten Besuch wieder zu erkennen (sog. dauerhafte bzw. session\u00fcbergreifende Cookies). Insbesondere diese Cookies dienen unter anderem dazu, unser Angebot f\u00fcr Sie attraktiver zu gestalten. Dank dieser Dateien ist es beispielsweise m\u00f6glich, dass Sie speziell auf Ihre Interessen abgestimmte Informationen auf der Website smilesonic.com\/de angezeigt bekommen.<\/span><\/p>\n<p><span style=\"font-size: medium;\">2. Nach den gesetzlichen Vorgaben ist das Abspeichern von Informationen auf Endger\u00e4ten und (Desktops, Handys, Tablets o.\u00e4.) &#8211; z.B. durch das Setzen von Cookies &#8211; sowie das Abrufen von Informationen aus Endger\u00e4ten (Tracking) grunds\u00e4tzlich nur dann erlaubt, wenn Sie hierzu zuvor eine Einwilligung erteilt haben. Rechtsgrundlage hierf\u00fcr ist \u00a7 25 Absatz 1 Satz 1 TTDSG. Die Erteilung einer Einwilligung muss aber dann nicht erfolgen, insofern ein solches Abspeichern \/ Abrufen f\u00fcr das Angebot der Website \/ App erforderlich ist. <\/span><\/p>\n<p><span style=\"font-size: medium;\">3. Diese Website nutzt den Dienst \u201eGoogle Analytics\u201c, welcher von der Google Inc. (1600 Amphitheatre Parkway Mountain View, CA 94043, USA) angeboten wird, zur Analyse der Websitebenutzung durch Nutzer. Der Dienst verwendet \u201eCookies\u201c \u2013 Textdateien, welche auf Ihrem Endger\u00e4t gespeichert werden. Die durch die Cookies gesammelten Informationen werden im Regelfall an einen Google-Server in den USA gesandt und dort gespeichert. Auf dieser Website greift die IP-Anonymisierung. Die IP-Adresse der Nutzer wird innerhalb der Mitgliedsstaaten der EU und des Europ\u00e4ischen Wirtschaftsraum gek\u00fcrzt. Durch diese K\u00fcrzung entf\u00e4llt der Personenbezug Ihrer IP-Adresse. Im Rahmen der Vereinbarung zur Auftragsdatenvereinbarung, welche die Websitebetreiber mit der Google Inc. geschlossen haben, erstellt diese mithilfe der gesammelten Informationen eine Auswertung der Websitenutzung und der Websiteaktivit\u00e4t und erbringt mit der Internetnutzung verbundene Dienstleistungen. Sie haben die M\u00f6glichkeit, die Speicherung des Cookies auf Ihrem Ger\u00e4t zu verhindern, indem Sie in Ihrem Browser entsprechende Einstellungen vornehmen. Es ist nicht gew\u00e4hrleistet, dass Sie auf alle Funktionen dieser Website ohne Einschr\u00e4nkungen zugreifen k\u00f6nnen, wenn Ihr Browser keine Cookies zul\u00e4sst. Weiterhin k\u00f6nnen Sie durch ein Browser-Plugin verhindern, dass die durch Cookies gesammelten Informationen (inklusive Ihrer IP-Adresse) an die Google Inc. gesendet und von der Google Inc. genutzt werden. Folgender Link f\u00fchrt Sie zu dem entsprechenden Plugin: <a href=\"https:\/\/tools.google.com\/dlpage\/gaoptout?hl=de\" target=\"_blank\" rel=\"noopener\">https:\/\/tools.google.com\/dlpage\/gaoptout?hl=de<\/a> Hier finden Sie weitere Informationen zur Datennutzung durch die Google Inc.: <a href=\"https:\/\/support.google.com\/analytics\/answer\/6004245?hl=de\" target=\"_blank\" rel=\"noopener\">https:\/\/support.google.com\/analytics\/answer\/6004245?hl=de<\/a>.<\/span><\/p>\n<p><span style=\"font-size: medium;\">4. Innerhalb unseres Onlineangebotes wird aufgrund unserer berechtigten Interessen an Analyse, Optimierung und wirtschaftlichem Betrieb unseres Onlineangebotes und zu diesen Zwecken das sog. Facebook-Pixel des sozialen Netzwerkes Facebook, welches von der Facebook Inc., 1 Hacker Way, Menlo Park, CA 94025, USA, bzw. falls Sie in der EU ans\u00e4ssig sind, Facebook Ireland Ltd., 4 Grand Canal Square, Grand Canal Harbour, Dublin 2, Irland betrieben wird eingesetzt. Der Facebook Pixel ist ein Ausschnitt aus JavaScript-Code, der eine Ansammlung von Funktionen l\u00e4dt, mit denen Facebook Ihre Userhandlungen verfolgen kann. Die erhobenen Daten sind f\u00fcr uns anonym und nichts einsehbar und werden nur im Rahmen von Werbeanzeigenschaltungen nutzbar. Wenn Sie selbst Facebook_User sind und angemeldet sind, wird der Besuch unserer Webseite automatisch Ihrem Facebook-Benutzerkonto zugeordnet.<\/span> <span style=\"font-size: medium;\">Die Verarbeitung der Daten durch Facebook erfolgt im Rahmen von Facebooks Datenverwendungsrichtlinie. Dementsprechend generelle Hinweise zur Darstellung von Facebook-Ads, in der Datenverwendungsrichtlinie von Facebook: <a href=\"https:\/\/www.facebook.com\/policy.php\" target=\"_blank\" rel=\"noopener\">https:\/\/www.facebook.com\/policy.php<\/a>.<\/span> <span style=\"font-size: medium;\">Sie k\u00f6nnen der Erfassung durch den Facebook-Pixel und Verwendung Ihrer Daten zur Darstellung von Facebook-Ads widersprechen.<\/span><\/p>\n<p>&nbsp;<\/p>\n<p style=\"text-align: center;\"><b>\u00a74 <\/b><b>\u00c4NDERUNG UNSERER DATENSCHUTZBESTIMMUNGEN<\/b><\/p>\n<p><span style=\"font-size: medium;\">Wir behalten uns vor, diese Datenschutzerkl\u00e4rung anzupassen, damit sie stets den aktuellen rechtlichen Anforderungen entspricht oder um \u00c4nderungen unserer Leistungen in der Datenschutzerkl\u00e4rung umzusetzen, z.B. bei der Einf\u00fchrung neuer Services. F\u00fcr Ihren erneuten Besuch gilt dann die neue Datenschutzerkl\u00e4rung.<\/span><\/p>\n","protected":false},"excerpt":{"rendered":"<p>Datenschutzerkl\u00e4rung smilesonic.com\/de &nbsp; \u00a71 DEFINITIONEN Datenverwalter, Verk\u00e4ufer &#8211; SMILESONIC Sp. z o.o., Sienna \u2013Str.9, 70-542 Szczecin, Polen, NIP 8513251527, REGON 386916949, KRS 0000857918 online Shop&#8230;<\/p>\n","protected":false},"author":1,"featured_media":0,"parent":0,"menu_order":0,"comment_status":"closed","ping_status":"closed","template":"","meta":{"_acf_changed":false,"footnotes":""},"class_list":["post-46202","page","type-page","status-publish"],"acf":[],"_links":{"self":[{"href":"https:\/\/smilesonic.com\/de\/wp-json\/wp\/v2\/pages\/46202","targetHints":{"allow":["GET"]}}],"collection":[{"href":"https:\/\/smilesonic.com\/de\/wp-json\/wp\/v2\/pages"}],"about":[{"href":"https:\/\/smilesonic.com\/de\/wp-json\/wp\/v2\/types\/page"}],"author":[{"embeddable":true,"href":"https:\/\/smilesonic.com\/de\/wp-json\/wp\/v2\/users\/1"}],"replies":[{"embeddable":true,"href":"https:\/\/smilesonic.com\/de\/wp-json\/wp\/v2\/comments?post=46202"}],"version-history":[{"count":2,"href":"https:\/\/smilesonic.com\/de\/wp-json\/wp\/v2\/pages\/46202\/revisions"}],"predecessor-version":[{"id":46947,"href":"https:\/\/smilesonic.com\/de\/wp-json\/wp\/v2\/pages\/46202\/revisions\/46947"}],"wp:attachment":[{"href":"https:\/\/smilesonic.com\/de\/wp-json\/wp\/v2\/media?parent=46202"}],"curies":[{"name":"wp","href":"https:\/\/api.w.org\/{rel}","templated":true}]}}