{"id":46197,"date":"2024-01-04T14:03:07","date_gmt":"2024-01-04T13:03:07","guid":{"rendered":"https:\/\/smilesonic.com\/?page_id=46197"},"modified":"2024-01-26T15:22:57","modified_gmt":"2024-01-26T14:22:57","slug":"agb","status":"publish","type":"page","link":"https:\/\/smilesonic.com\/de\/agb\/","title":{"rendered":"AGB"},"content":{"rendered":"<p style=\"text-align: center;\"><strong>AGB<\/strong><\/p>\n<p style=\"text-align: center;\">Die Allgemeinen Gesch\u00e4ftsbedingungen f\u00fcr Service https:\/\/smilesonic.com\/de\/<\/p>\n<p style=\"text-align: center;\">Hierbei finden die nachfolgenden Allgemeinen Gesch\u00e4ftsbedingungen ausschlie\u00dflich Anwendung auf<br \/>\nim Onlineshop (https:\/\/smilesonic.com\/de\/) get\u00e4tigte Vertragsabschl\u00fcsse \/ Bestellungen. Sie k\u00f6nnen<\/p>\n<p style=\"text-align: center;\">den Text auf Ihren Computer\u00a0herunterladen oder ausdrucken.<\/p>\n<p>&nbsp;<\/p>\n<p align=\"center\"><b>\u00a71 DEFINITIOREN<\/b><\/p>\n<p><b>1. <\/b><span lang=\"de-DE\"><b>Verk\u00e4ufer<\/b><\/span> im Sinne dieser Allgemeinen Gesch\u00e4ftsbedingungen ist SMILESONIC Sp. z o.o., Sienna \u2013Str.9, 70-542 Szczecin, Polen, NIP 8513251527, REGON 386916949, KRS 0000857918<\/p>\n<p><b>2. <\/b><span lang=\"de-DE\"><b>online Shop<\/b><\/span> im Sinne dieser Allgemeinen Gesch\u00e4ftsbedingungen ist Service https:\/\/smilesonic.com\/de\/<\/p>\n<p><b>3. <\/b><b>Kunde<\/b> im Sinne dieser Allgemeinen Gesch\u00e4ftsbedingungen sind sowohl Verbraucher als auch Unternehmer.<\/p>\n<p><b>4. <\/b><b>Verbraucher<\/b> im Sinne dieser Allgemeinen Gesch\u00e4ftsbedingungen sind nat\u00fcrliche Personen, mit denen in Gesch\u00e4ftsbeziehungen getreten wird, ohne dass ihnen eine gewerbliche oder selbstst\u00e4ndige berufliche T\u00e4tigkeit zugerechnet werden kann.<\/p>\n<p><b>5. <\/b><b>Unternehmer<\/b> im Sinne dieser Allgemeinen Gesch\u00e4ftsbedingungen sind nat\u00fcrliche oder juristische Personen oder rechtsf\u00e4hige Personengesellschaften, mit denen in Gesch\u00e4ftsbeziehung getreten wird, die in der Aus\u00fcbung einer gewerblichen oder selbst\u00e4ndigen beruflichen T\u00e4tigkeit handeln.<\/p>\n<p><b>6. <\/b><b>Allgemeinen <\/b><b>Gesch\u00e4ftsbedingungen<\/b> ist diese AGB<\/p>\n<p><b>7. <\/b><span lang=\"de-DE\"><b>Kontoregistrierung<\/b><\/span><span lang=\"de-DE\"> &#8211; Eine einmalige Aktivit\u00e4t, die aus der Einrichtung eines Kontos durch den Kunden besteht und \u00fcber das vom Verk\u00e4ufer auf der Website des Shops bereitgestellte Administrationspanel durchgef\u00fchrt wird.<\/span><\/p>\n<p><span lang=\"de-DE\"><b>8. Artikel zum Verkauf<\/b><\/span><span lang=\"de-DE\"> &#8211; eine bewegliche Sache, die im Shop zum Verkauf angeboten wird, insbesondere Fischereiger\u00e4te und -artikel.<\/span><\/p>\n<p><span lang=\"de-DE\"><b>9. Onlinebestellung <\/b><\/span><span lang=\"de-DE\">&#8211; eine Absichtserkl\u00e4rung des Kunden zum Abschluss eines Vertrags \u00fcber den Verkauf von Waren im Fernabsatz \u00fcber den Shop, in der zumindest die Art und Anzahl der Waren angegeben ist.<\/span><\/p>\n<p><b>10. <\/b><b>Blog<\/b> ist ein elektronischer Dienst, der auf der Website f\u00fcr seine Dienstleistungsempf\u00e4nger verf\u00fcgbar ist.<\/p>\n<p>11. <b>Newsletter<\/b> ist ist eine kostenlose und unbefristete Dienstleistung, die darauf beruht, dass die Benutzer \u00fcber Sonderangebote, Events und Produkte vom <span lang=\"de-DE\"><b>Verk\u00e4ufer<\/b><\/span> Bergmen durch periodische Versendung von gew\u00e4hlten Inhalten in Form von einem elektronischen Brief informiert werden.<\/p>\n<p>&nbsp;<\/p>\n<p align=\"center\"><b>\u00a7<\/b><b>2 ALLGEMEINES<\/b><\/p>\n<p>1. Hierbei finden die nachfolgenden Allgemeinen Gesch\u00e4ftsbedingungen ausschlie\u00dflich Anwendung auf im Onlineshop (https:\/\/smilesonic.com\/de) get\u00e4tigte Vertragsabschl\u00fcsse \/ Bestellungen. Sie k\u00f6nnen den Text auf Ihren Computer\u00a0herunterladen<u>\u00a0<\/u>oder ausdrucken.<\/p>\n<p>2. Diese Allgemeinen Gesch\u00e4ftsbedingungen (nachfolgend &#8222;AGB&#8220;) SMILESONIC Sp. z o.o. (nachfolgend &#8222;Verk\u00e4ufer&#8220;), gelten f\u00fcr alle Vertr\u00e4ge zur Lieferung von Waren, die ein Verbraucher oder Unternehmer (nachfolgend \u201eKunde\u201c) mit dem Verk\u00e4ufer hinsichtlich der vom Verk\u00e4ufer in seinem Online-Shop dargestellten Waren abschlie\u00dft. Hiermit wird der Einbeziehung von eigenen Bedingungen des Kunden widersprochen, es sei denn, es ist etwas anderes vereinbart.<\/p>\n<p>3. Falls eine Bestimmung dieser AGB nicht wirksam sein sollte, gelten anstelle der unwirksamen Bestimmung die gesetzlichen Vorschriften. Die Rechtsg\u00fcltigkeit aller anderen Vertragsbestimmungen soll jedenfalls dadurch nicht ber\u00fchrt werden.<\/p>\n<p>4. Der Vertrag kommt mit der SMILESONIC Sp. z o.o. zustande, soweit nicht ausdr\u00fccklich\u00a0anders\u00a0angegeben.<\/p>\n<p><span style=\"color: #333333;\">SMILESONIC SP\u00d3\u0141KA Z OGRANICZON\u0104 ODPOWIEDZIALNO\u015aCI\u0104<\/span><\/p>\n<p><span style=\"color: #333333;\">UL. SIENNA 9, 70-542 SZCZECIN<\/span><\/p>\n<p><span style=\"color: #333333;\">NIP: 8513251527<\/span><\/p>\n<p><span style=\"color: #333333;\">REGON: 386916949<\/span><\/p>\n<p><span style=\"color: #333333;\">KRS: 0000857918<\/span><\/p>\n<p><a href=\"mailto:kontakt@smilesonic.com\"><span style=\"color: #0069a6;\"><u>kontakt@smilesonic.com<\/u><\/span><\/a><\/p>\n<p><a href=\"mailto:reklamation@smilesonic.com\"><span style=\"color: #0069a6;\"><u>reklamation@smilesonic.com<\/u><\/span><\/a><\/p>\n<p><a href=\"mailto:retouren@smilesonic.com\"><span style=\"color: #0069a6;\"><u>retouren@smilesonic.com<\/u><\/span><\/a><\/p>\n<p><span style=\"color: #333333;\">+48516446370<\/span><\/p>\n<p>5. F\u00fcr den Abschluss eines Kaufvertrags und die Nutzung des Shops sind Ger\u00e4te erforderlich, die den Zugang zum Internet, zu E-Mail und zu einem Webbrowser erm\u00f6glichen, mit dem Websites angezeigt werden k\u00f6nnen.<\/p>\n<p>6. Alle im Shop pr\u00e4sentierten Waren sind frei von M\u00e4ngeln.<\/p>\n<p>7. Sofern sich aus der Produktbeschreibung des Verk\u00e4ufers nichts anderes ergibt, handelt es sich bei den angegebenen Preisen um Gesamtpreise, die die gesetzliche Umsatzsteuer enthalten. Gegebenenfalls zus\u00e4tzlich anfallende Liefer- und Versandkosten werden in der jeweiligen Produktbeschreibung gesondert angegeben.<\/p>\n<p>8. Der Verk\u00e4ufer hat das Recht, den Preis der Waren zu \u00e4ndern, die Waren einzuf\u00fchren und zur\u00fcckzuziehen, Rabatte f\u00fcr einzelne Waren zu gew\u00e4hren und Werbeaktionen im Shop durchzuf\u00fchren und zu stornieren. Dies schr\u00e4nkt jedoch in keiner Weise die vom Kunden erworbenen Rechte ein, d.h. die \u00c4nderungen gelten nicht f\u00fcr bereits get\u00e4tigte Bestellungen.<\/p>\n<p>9. Um alle M\u00f6glichkeiten des Shops in vollem Umfang nutzen zu k\u00f6nnen, kann sich der Kunde registrieren. Die Registrierung ist freiwillig und nicht notwendig, um Bestellungen im Shop aufzugeben. Die Registrierung erfolgt einmalig. Sp\u00e4tere Bestellungen des registrierten K\u00e4ufers werden auf der Grundlage des Logins des Kunden im Shop bearbeitet.<\/p>\n<p>10. Es ist Personen, die den Shop nutzen (einschlie\u00dflich Kunden), untersagt, rechtswidrige Inhalte in den Shop einzustellen (z.B. in Bewertungen von Waren).<\/p>\n<p>11. Der Kunde kann jede Transaktion und den Verk\u00e4ufer nach der Durchf\u00fchrung \u00fcber das im Shop vorhandene System bewerten.<span style=\"color: #1f1f1f;\"> Jeder Kunde verpflichtet sich: nur wahrheitsgem\u00e4\u00dfe Angaben zu machen; nur sachliche Angaben zu machen und insbesondere keine Beleidigungen oder sonstige herabsetzenden \u00c4u\u00dferungen zu t\u00e4tigen; nur Umst\u00e4nde in die Bewertung miteinzubeziehen, die unmittelbar mit der vorgenommenen Transaktion in Zusammenhang stehen; unzul\u00e4ssig sind insbesondere jegliche rechtswidrige Inhalte, Inhalte, die Rechte Dritter verletzen sowie Links oder Hinweise auf externe Internetseiten. Der <\/span>Verk\u00e4ufer<span style=\"color: #1f1f1f;\"> kann Bewertungen entfernen, wenn Anhaltspunkte f\u00fcr einen Versto\u00df gegen diese Allgemeinen Gesch\u00e4ftsbedingungen, Rechte Dritter oder sonstiges geltendes Recht vorliegen.<\/span><\/p>\n<p>12. <span style=\"color: #1f1f1f;\">Der Abonnent erteilt durch die Anmeldung zum Newsletter die ausdr\u00fcckliche Einwilligung f\u00fcr die regelm\u00e4\u00dfige Zusendung des abonnierten Newsletters. Der Abonnent kann diese Einwilligung jederzeit per E-Mail (an kontakt@smilesonic.com) widerrufen.<\/span><\/p>\n<p>&nbsp;<\/p>\n<p align=\"center\"><b>\u00a7<\/b><b>3 VERTRAGSSCHLUSS<\/b><\/p>\n<p>1. Die im Online-Shop des Verk\u00e4ufers enthaltenen Produktbeschreibungen stellen keine verbindlichen Angebote seitens des Verk\u00e4ufers dar, sondern dienen zur Abgabe eines verbindlichen Angebots durch den Kunden.<\/p>\n<p>2. Der Kunde kann das Angebot \u00fcber das in den Online-Shop des Verk\u00e4ufers integrierte Online-Bestellformular abgeben. Dabei gibt der Kunde, nachdem er die ausgew\u00e4hlten Waren in den virtuellen Warenkorb gelegt und den elektronischen Bestellprozess durchlaufen hat, durch Klicken des den Bestellvorgang abschlie\u00dfenden Buttons ein rechtlich verbindliches Vertragsangebot in Bezug auf die im Warenkorb enthaltenen Waren ab.<\/p>\n<p>3. Die Bestellabwicklung und Kontaktaufnahme finden in der Regel per E-Mail und automatisierter Bestellabwicklung statt. Der Kunde hat sicherzustellen, dass die von ihm zur Bestellabwicklung angegebene E-Mail-Adresse zutreffend ist, so dass unter dieser Adresse die vom Verk\u00e4ufer versandten E-Mails empfangen werden k\u00f6nnen. Insbesondere hat der Kunde bei dem Einsatz von SPAM-Filtern sicherzustellen, dass alle vom Verk\u00e4ufer oder von diesem mit der Bestellabwicklung beauftragten Dritten versandten E-Mails zugestellt werden k\u00f6nnen.<\/p>\n<p>4. Grunds\u00e4tzlich kommt dieser Kaufvertrag dann zustande, indem wir Ihnen die bestellte Ware zusenden.<\/p>\n<p align=\"left\">5. Grunds\u00e4tzlich bieten wir unseren Kunden eine Auswahl der folgenden Zahlungsm\u00f6glichkeiten an:<\/p>\n<ul class=\"no-list-style-custom\">\n<li>5.1 Zahlung bei Abholung,<\/li>\n<li>5.2 <span lang=\"de-DE\">\u00dcberweisung auf ein Bankkonto,<\/span><\/li>\n<li>5.3 Klarna.<\/li>\n<\/ul>\n<p>6. Wir behalten uns bei jeder Bestellung vor, bestimmte Zahlungsm\u00f6glichkeiten nicht anzubieten und auf andere Zahlungsm\u00f6glichkeiten zu verweisen.<\/p>\n<p>7. Bei einer Zahlung per Vorkasse ist der Best\u00e4tigungs-E-Mail angegebenen Betrag auf das dort angegebene Konto zu \u00fcberweisen. Erst nach Eingang der Zahlung wird die Ware versandt. Sofern die vollst\u00e4ndige nicht innerhalb von sieben Tagen nach Erhalt dieser Best\u00e4tigungs-E-Mail an uns \u00fcberwiesen wird, stornieren wir die Bestellung.<\/p>\n<p>8. \u2009Bei Auswahl einer von Klarna angebotenen Zahlungsart erfolgt die Zahlungsabwicklung \u00fcber den Zahlungsdienstleister Klarna <span style=\"color: #232323;\"><span style=\"font-family: Rubik, serif;\"><span style=\"font-size: small;\">Klarna Bank AB (publ)(HR nr 556737-0431), Sveav\u00e4gen 46, 111 34 Sztokholm.\u00a0<\/span><\/span><\/span><span style=\"font-size: medium;\">Die\u00a0Gesch\u00e4ftsbedingungen\u00a0von\u00a0Klarna\u00a0finden\u00a0Si\u0119\u00a0hier:<\/span> <span style=\"font-size: medium;\">https:\/\/www.klarna.com\/de\/agb\/<\/span><\/p>\n<p>&nbsp;<\/p>\n<p align=\"center\"><b>\u00a7<\/b><b>4 ERF\u00dcLLUNG DES VERTRAG<\/b><\/p>\n<p>1. Bietet der Verk\u00e4ufer den Versand der Ware an, so erfolgt die Lieferung innerhalb des vom Verk\u00e4ufer angegebenen Liefergebietes an die vom Kunden angegebene Lieferanschrift, sofern nichts anderes vereinbart ist. Bei der Abwicklung der Transaktion ist die in der Bestellabwicklung des Verk\u00e4ufers angegebene Lieferanschrift ma\u00dfgeblich.<\/p>\n<p>2. Scheitert die Zustellung der Ware aus Gr\u00fcnden, die der Kunde zu vertreten hat, tr\u00e4gt der Kunde die dem Verk\u00e4ufer hierdurch entstehenden angemessenen Kosten. Dies gilt im Hinblick auf die Kosten f\u00fcr die Hinsendung nicht, wenn der Kunde sein Widerrufsrecht wirksam aus\u00fcbt.<\/p>\n<p>3. Handelt der Kunde als Unternehmer, geht die Gefahr des zuf\u00e4lligen Untergangs und der zuf\u00e4lligen Verschlechterung der verkauften Ware auf den Kunden \u00fcber, sobald der Verk\u00e4ufer die Sache dem Spediteur, dem Frachtf\u00fchrer oder der sonst zur Ausf\u00fchrung der Versendung bestimmten Person oder Anstalt ausgeliefert hat. Handelt der Kunde als Verbraucher, geht die Gefahr des zuf\u00e4lligen Untergangs und der zuf\u00e4lligen Verschlechterung der verkauften Ware grunds\u00e4tzlich erst mit \u00dcbergabe der Ware an den Kunden oder eine empfangsberechtigte Person \u00fcber. Abweichend hiervon geht die Gefahr des zuf\u00e4lligen Untergangs und der zuf\u00e4lligen Verschlechterung der verkauften Ware auch bei Verbrauchern bereits auf den Kunden \u00fcber, sobald der Verk\u00e4ufer die Sache dem Spediteur, dem Frachtf\u00fchrer oder der sonst zur Ausf\u00fchrung der Versendung bestimmten Person oder Anstalt ausgeliefert hat, wenn der Kunde den Spediteur, den Frachtf\u00fchrer oder die sonst zur Ausf\u00fchrung der Versendung bestimmte Person oder Anstalt mit der Ausf\u00fchrung beauftragt und der Verk\u00e4ufer dem Kunden diese Person oder Anstalt zuvor nicht benannt hat.<\/p>\n<p>4. Der Verk\u00e4ufer beh\u00e4lt sich das Recht vor, im Falle nicht richtiger oder nicht ordnungsgem\u00e4\u00dfer Selbstbelieferung vom Vertrag zur\u00fcckzutreten. Dies gilt nur f\u00fcr den Fall, dass die Nichtlieferung nicht vom Verk\u00e4ufer zu vertreten ist und dieser mit der gebotenen Sorgfalt ein konkretes Deckungsgesch\u00e4ft mit dem Zulieferer abgeschlossen hat. Der Verk\u00e4ufer wird alle zumutbaren Anstrengungen unternehmen, um die Ware zu beschaffen. Im Falle der Nichtverf\u00fcgbarkeit oder der nur teilweisen Verf\u00fcgbarkeit der Ware wird der Kunde unverz\u00fcglich informiert und die Gegenleistung unverz\u00fcglich erstattet.<\/p>\n<p>5. Gegen\u00fcber Unternehmern beh\u00e4lt sich der Verk\u00e4ufer bis zur vollst\u00e4ndigen Begleichung aller Forderungen aus einer laufenden Gesch\u00e4ftsbeziehung das Eigentum an der gelieferten Ware vor.<\/p>\n<p>6. Wir liefern in die folgenden L\u00e4nder: Deutschland.<\/p>\n<p>7. Bestellungen, die vor 13:00 Uhr aufgegeben werden, werden noch am selben Tag versendet. Unsere Sendungen werden per DHL zugestellt. Die Versandkosten tr\u00e4gt der Kunde, sofern nichts anderes vereinbart ist. Sollten f\u00fcr bestimmte Artikel generell andere Lieferzeiten gelten, k\u00f6nnen Sie dies der jeweiligen Produktseite vor Ausl\u00f6sung Ihrer Bestellung entnehmen.<\/p>\n<p>&nbsp;<\/p>\n<p align=\"center\"><b>\u00a7<\/b><b>5 GEW\u00c4HRLEISTUNG UND M\u00c4NGELR\u00dcGE<\/b><\/p>\n<p>1. Ist die Kaufsache mangelhaft, gelten die Vorschriften der gesetzlichen M\u00e4ngelhaftung. Hiervon abweichend gilt:<\/p>\n<ul class=\"no-list-style-custom\">\n<li>1.1 Handelt der Kunde als Unternehmer:<\/li>\n<\/ul>\n<ul class=\"no-list-style-custom\">\n<li style=\"list-style-type: none;\">\n<ul class=\"no-list-style-custom\">\n<li>1.1.1 hat der Verk\u00e4ufer die Wahl der Art der Nacherf\u00fcllung;<\/li>\n<li>1.1.2 betr\u00e4gt bei neuen Waren die Verj\u00e4hrungsfrist f\u00fcr M\u00e4ngel ein Jahr ab Ablieferung der Ware;<\/li>\n<li>1.1.3 sind bei gebrauchten Waren die Rechte und Anspr\u00fcche wegen M\u00e4ngeln grunds\u00e4tzlich ausgeschlossen;<\/li>\n<li>1.1.4 beginnt die Verj\u00e4hrung nicht erneut, wenn im Rahmen der M\u00e4ngelhaftung eine Ersatzlieferung erfolgt.<\/li>\n<\/ul>\n<\/li>\n<\/ul>\n<p>2. Dar\u00fcber hinaus gilt f\u00fcr Unternehmer, dass die gesetzlichen Verj\u00e4hrungsfristen f\u00fcr den R\u00fcckgriffsanspruch nach \u00a7 445b BGB unber\u00fchrt bleiben.<\/p>\n<p>3. Handelt der Kunde als Verbraucher, so wird er gebeten, angelieferte Waren mit offensichtlichen Transportsch\u00e4den bei dem Zusteller zu reklamieren und den Verk\u00e4ufer hiervon in Kenntnis zu setzen. Kommt der Kunde dem nicht nach, hat dies keinerlei Auswirkungen auf seine gesetzlichen oder vertraglichen M\u00e4ngelanspr\u00fcche.<\/p>\n<p>4. Bei einigen Artikeln gew\u00e4hren wir eine Sondergarantie. Diese Artikel sind jeweils mit einem Hinweis ausgewiesen. Garantieanspr\u00fcche bestehen unbeschadet der gesetzlichen Anspr\u00fcche\/Rechte.<\/p>\n<p>5. Die Parteien haften nicht, wenn sie ihre Pflichten wegen eines unvorhergesehen oder eines als H\u00f6here Gewalt geltenden Ereignisses \u00fcberhaupt nicht oder nur teilweise erf\u00fcllen k\u00f6nnen; darunter fallen u. a. (ohne Anspruch auf Vollst\u00e4ndigkeit): Epidemie, \u00dcberschwemmungen, Feuer, Unwetter, Rohstoffknappheit, Streik im Transportsektor, Teil- oder Vollstreiks bzw. Aussperrungen. Die Partei, die von derartigen Ereignissen betroffen ist, hat die andere hier\u00fcber unverz\u00fcglich, sp\u00e4testens jedoch innerhalb von 14 Werktagen vom Eintritt dieses Ereignisses zu unterrichten. Die Parteien vereinbaren, dass sie schnellstm\u00f6glich absprechen, wie die Bestellung bearbeitet werden soll, solange die H\u00f6here Gewalt anh\u00e4lt.<\/p>\n<p>&nbsp;<\/p>\n<p align=\"center\"><b>\u00a76 WIDERRUFSBELEHRUNG<\/b><\/p>\n<p>1. Sie haben das Recht, binnen 14 Tagen ohne Angabe von Gr\u00fcnden diesen Vertrag zu widerrufen.<br \/>\nDie Widerrufsfrist betr\u00e4gt 14 Tage ab dem Tag, an dem Sie oder ein von Ihnen benannter Dritter, der nicht der Bef\u00f6rderer ist, die letzte Ware in Besitz genommen haben bzw. hat.<br \/>\n<span style=\"color: #ff0000;\"><br \/>\n<\/span>2. Um Ihr Widerrufsrecht auszu\u00fcben, m\u00fcssen Sie uns (SMILESONIC Sp. z o.o. Sienna -Str.9 , 70-542 Szczecin, Polen, e-mail: reklamation@smilesonic.com) mittels einer eindeutigen Erkl\u00e4rung (z.B. ein mit der Post versandter Brief oder E-Mail) \u00fcber Ihren Entschluss, diesen Vertrag zu widerrufen, informieren. Sie k\u00f6nnen daf\u00fcr das beigef\u00fcgte\u00a0Muster-Widerrufsformular\u00a0verwenden, das jedoch nicht vorgeschrieben\u00a0ist.<br \/>\n<span style=\"color: #ff0000;\"><br \/>\n<\/span>3. Zur Wahrung der Widerrufsfrist reicht es aus, dass Sie die Mitteilung \u00fcber die Aus\u00fcbung des Widerrufsrechts vor Ablauf der Widerrufsfrist absenden.<\/p>\n<p>4. Wenn Sie diesen Vertrag widerrufen, haben wir Ihnen alle Zahlungen, die wir von Ihnen erhalten haben, einschlie\u00dflich der Lieferkosten (mit Ausnahme der zus\u00e4tzlichen Kosten, die sich daraus ergeben, dass Sie eine andere Art der Lieferung als die von uns angebotene, g\u00fcnstigste Standardlieferung gew\u00e4hlt haben), unverz\u00fcglich und sp\u00e4testens binnen vierzehn Tagen ab dem Tag zur\u00fcckzuzahlen, an dem die Mitteilung \u00fcber Ihren Widerruf dieses Vertrags bei uns eingegangen ist. F\u00fcr diese R\u00fcckzahlung verwenden wir dasselbe Zahlungsmittel, das Sie bei der urspr\u00fcnglichen Transaktion eingesetzt haben, es sei denn, mit Ihnen wurde ausdr\u00fccklich etwas anderes vereinbart; in keinem Fall werden Ihnen wegen dieser R\u00fcckzahlung Entgelte berechnet. Wir k\u00f6nnen die R\u00fcckzahlung verweigern, bis wir die Waren wieder zur\u00fcckerhalten haben oder bis Sie den Nachweis erbracht haben, dass Sie die Waren zur\u00fcckgesandt haben, je nachdem, welches der fr\u00fchere Zeitpunkt ist.<\/p>\n<p>5. F\u00fcr diese R\u00fcckzahlung verwenden wir dasselbe Zahlungsmittel, das Sie bei der urspr\u00fcnglichen Transaktion eingesetzt haben, es sei denn, mit Ihnen wurde ausdr\u00fccklich etwas anderes vereinbart.<\/p>\n<p>6. Sie tragen die unmittelbaren Kosten der R\u00fccksendung der Waren.Sie m\u00fcssen f\u00fcr einen etwaigen Wertverlust der Waren nur aufkommen, wenn dieser Wertverlust auf einen zur Pr\u00fcfung der Beschaffenheit, Eigenschaften und Funktionsweise der Waren nicht notwendigen Umgang mit ihnen zur\u00fcckzuf\u00fchren ist.<\/p>\n<p>7. Sie haben die Waren unverz\u00fcglich und in jedem Fall sp\u00e4testens binnen vierzehn Tagen ab dem Tag, an dem Sie uns \u00fcber den Widerruf dieses Vertrags unterrichten, an uns zur\u00fcckzusenden oder zu \u00fcbergeben. Die Frist ist gewahrt, wenn Sie die Waren vor Ablauf der Frist von vierzehn Tagen absenden.<\/p>\n<p>8. Senden Sie die Ware bitte nicht unfrei an uns zur\u00fcck.<\/p>\n<p>9.<span style=\"color: #1f1f1f;\">\u00a0Ein Widerrufsrecht besteht nach \u00a7\u00a0312g Abs. 2 BGB u.a. nicht bei Vertr\u00e4gen zur Lieferung von Waren, die nicht vorgefertigt sind und f\u00fcr deren Herstellung eine individuelle Auswahl oder Bestimmung durch den Verbraucher ma\u00dfgeblich ist oder die eindeutig auf die pers\u00f6nlichen Bed\u00fcrfnisse des Verbrauchers zugeschnitten sind. Das Widerrufsrecht erlischt vorzeitig bei Vertr\u00e4gen zur Lieferung:<\/span><\/p>\n<ul class=\"no-list-style-custom\">\n<li><span style=\"color: #1f1f1f;\">9.1 versiegelter Waren, die aus Gr\u00fcnden des Gesundheitsschutzes oder der Hygiene nicht zur R\u00fcckgabe geeignet sind, wenn ihre Versiegelung nach der Lieferung entfernt wurde,<\/span><\/li>\n<li><span style=\"color: #1f1f1f;\">9.2 von Ton- oder Videoaufnahmen oder Computersoftware in einer versiegelten Packung, wenn die Versiegelung nach der Lieferung entfernt wurde.<\/span><\/li>\n<\/ul>\n<p>&nbsp;<\/p>\n<p align=\"center\"><b>\u00a77 INFORMATIONEN NACH DEM ELEKTRO- UND ELEKTRONIKGER\u00c4TEGESETZ<\/b><\/p>\n<p>1. <span style=\"color: #1f1f1f;\">Alle Elektro-\/Elektronikger\u00e4te, die in privaten Haushalten genutzt werden k\u00f6nnen, sind mit dem nachfolgend abgebildeten Symbol der durchgestrichenen Abfalltonne auf R\u00e4dern gekennzeichnet.<\/span><\/p>\n<p><span style=\"color: #1f1f1f;\">2. Sie haben Altbatterien und Altakkumulatoren, die nicht vom Altger\u00e4t umschlossen sind, sowie Lampen, die zerst\u00f6rungsfrei aus dem Altger\u00e4t entnommen werden k\u00f6nnen, vor der Abgabe an einer Erfassungsstelle vom Altger\u00e4t zerst\u00f6rungsfrei zu trennen.<\/span><\/p>\n<p><span style=\"color: #1f1f1f;\">3. Gem\u00e4\u00df den einschl\u00e4gigen gesetzlichen Rechtsvorschriften, wie in Deutschland \u00a7 17 Abs. 1 und 2 ElektroG sind wir zur R\u00fccknahme von Elektro-\/Elektronikaltger\u00e4ten verpflichtet unter folgenden Ma\u00dfgaben:<\/span><\/p>\n<ul class=\"no-list-style-custom\">\n<li><span style=\"color: #1f1f1f;\">3.1 <\/span><span style=\"color: #1f1f1f;\">bei der Abgabe eines neuen Elektro- oder Elektronikger\u00e4tes an einen Endnutzer nehmen wir ein im Wesentlichen funktionsgleiches Altger\u00e4t des Endnutzers der gleichen Ger\u00e4teart am Ort der Abgabe oder in unmittelbarer N\u00e4he hierzu unentgeltlich zur\u00fcck (sog. 1:1-R\u00fcckgabe). Ort der Abgabe ist auch der private Haushalt, sofern dort durch Auslieferung die Abgabe erfolgt.<\/span><\/li>\n<li>3.2 <span style=\"color: #1f1f1f;\">Wir sind zu einer unentgeltlichen Abholung verpflichtet, die sich auf Elektro- und Elektronikger\u00e4te aus den Kategorien 1 (W\u00e4rme\u00fcbertr\u00e4ger), Kategorie 2 (Bildschirme, Monitore und Ger\u00e4te, die Bildschirme mit einer Oberfl\u00e4che von mehr als 100 cm\u00b2) und Kategorie 4 (Ger\u00e4te, bei denen mindestens eine der \u00e4u\u00dferen Abmessungen mehr als 50 Zentimeter betr\u00e4gt) beschr\u00e4nkt.<\/span><\/li>\n<li><span style=\"color: #1f1f1f;\">3.3 F\u00fcr Elektro- und Elektronikger\u00e4te der Kategorien 3 (Lampen), 5 (Kleinger\u00e4te) und 6 (Kleine IT- und Telekommunikationsger\u00e4te) sowie bei Altger\u00e4ten, die in keiner \u00e4u\u00dferen Abmessung gr\u00f6\u00dfer als 25 Zentimeter sind, gew\u00e4hrleisten wir die 1:1-R\u00fcckgabe durch geeignete R\u00fcckgabem\u00f6glichkeiten in zumutbarer Entfernung. Eine \u00dcbersicht, welche Ger\u00e4te unter die einzelnen Kategorien fallen, k\u00f6nnen Sie unter anderem hier aufrufen:<\/span><\/li>\n<\/ul>\n<ul>\n<li>https:\/\/www.stiftung-ear.de\/de\/themen\/elektrog\/markenbevollmaechtigte\/geraetezustellung.<\/li>\n<\/ul>\n<p>4. Dar\u00fcber hinaus k\u00f6nnen private Haushalte in Deutschland ihre Elektro-Altger\u00e4te auch kostenlos bei einer der kommunalen Sammelstellen abgeben. Ein Onlineverzeichnis der Sammel- und R\u00fccknahmestellen in Ihrer N\u00e4he finden Sie hier:<\/p>\n<p align=\"center\"><a href=\"https:\/\/www.ear-system.de\/ear-verzeichnis\/sammel-und-ruecknahmestellen\" target=\"_blank\" rel=\"noopener\">https:\/\/www.ear-system.de\/ear-verzeichnis\/sammel-und-ruecknahmestellen<\/a>.<\/p>\n<p>5. Jeder Verbraucher ist gesetzlich zur R\u00fcckgabe von Altbatterien\/Altakkus verpflichtet. Die durchgestrichene M\u00fclltonne bedeutet: Batterien und Akkus d\u00fcrfen nicht \u00fcber den Hausm\u00fcll entsorgt werden.\u00a0Altbatterien und Altakkumulatoren, die nicht vom Altger\u00e4t umschlossen sind, sind vor der Abgabe von diesem zu trennen.<\/p>\n<p>&nbsp;<\/p>\n<p align=\"center\"><b>\u00a78 DSGVO<\/b><\/p>\n<p>Informationen zum Datenschutz und zum Schutz der Privatsph\u00e4re finden Sie in der &#8222;Datenschutzerkl\u00e4rung&#8220;.<\/p>\n<p>&nbsp;<\/p>\n<p align=\"center\"><b>\u00a79 SCHLUSSBESTIMMUNGEN<\/b><\/p>\n<p>1. Der Vertrag wird in deutscher Sprache abgefasst. Die weitere Durchf\u00fchrung der Vertragsbeziehung erfolgt in Deutsch.\u00a0 Bei Verbrauchern gilt diese Rechtswahl nur insoweit, als nicht der gew\u00e4hrte Schutz durch zwingende Bestimmungen des Rechts des Staates, in dem der Verbraucher seinen gew\u00f6hnlichen Aufenthalt hat, entzogen wird.<\/p>\n<p>2. Nach geltendem Recht sind wir verpflichtet, die Verbraucher auf die Existenz der Europ\u00e4ischen Online-Streitbeilegungs-Plattform hinzuweisen, die f\u00fcr die Beilegung von Streitigkeiten genutzt werden kann, ohne dass ein Gericht eingeschaltet werden muss. F\u00fcr die Einrichtung der Plattform ist die Europ\u00e4ische Kommission zust\u00e4ndig. Sie finden die Europ\u00e4ische Online-Streitbeilegungs-Plattform hier:\u00a0<a href=\"https:\/\/ec.europa.eu\/consumers\/odr\/\" target=\"_blank\" rel=\"noopener\">https:\/\/ec.europa.eu\/consumers\/odr\/<\/a><br \/>\nDer Verk\u00e4ufer erkl\u00e4rt sich bereit, an einem Streitbeilegungsverfahren vor einer Verbraucherschlichtungsstelle teilzunehmen.<\/p>\n<p><a name=\"_GoBack\"><\/a>3. Die allgemeinen Gesch\u00e4ftsbedingungen gelten ab 5.12.2023.<\/p>\n","protected":false},"excerpt":{"rendered":"<p>AGB Die Allgemeinen Gesch\u00e4ftsbedingungen f\u00fcr Service https:\/\/smilesonic.com\/de\/ Hierbei finden die nachfolgenden Allgemeinen Gesch\u00e4ftsbedingungen ausschlie\u00dflich Anwendung auf im Onlineshop (https:\/\/smilesonic.com\/de\/) get\u00e4tigte Vertragsabschl\u00fcsse \/ Bestellungen. Sie k\u00f6nnen&#8230;<\/p>\n","protected":false},"author":1,"featured_media":0,"parent":0,"menu_order":0,"comment_status":"closed","ping_status":"closed","template":"","meta":{"_acf_changed":false,"footnotes":""},"class_list":["post-46197","page","type-page","status-publish"],"acf":[],"_links":{"self":[{"href":"https:\/\/smilesonic.com\/de\/wp-json\/wp\/v2\/pages\/46197","targetHints":{"allow":["GET"]}}],"collection":[{"href":"https:\/\/smilesonic.com\/de\/wp-json\/wp\/v2\/pages"}],"about":[{"href":"https:\/\/smilesonic.com\/de\/wp-json\/wp\/v2\/types\/page"}],"author":[{"embeddable":true,"href":"https:\/\/smilesonic.com\/de\/wp-json\/wp\/v2\/users\/1"}],"replies":[{"embeddable":true,"href":"https:\/\/smilesonic.com\/de\/wp-json\/wp\/v2\/comments?post=46197"}],"version-history":[{"count":4,"href":"https:\/\/smilesonic.com\/de\/wp-json\/wp\/v2\/pages\/46197\/revisions"}],"predecessor-version":[{"id":46946,"href":"https:\/\/smilesonic.com\/de\/wp-json\/wp\/v2\/pages\/46197\/revisions\/46946"}],"wp:attachment":[{"href":"https:\/\/smilesonic.com\/de\/wp-json\/wp\/v2\/media?parent=46197"}],"curies":[{"name":"wp","href":"https:\/\/api.w.org\/{rel}","templated":true}]}}