{"id":16434,"date":"2021-08-30T12:06:41","date_gmt":"2021-08-30T10:06:41","guid":{"rendered":"https:\/\/smilesonic.com\/?page_id=16434"},"modified":"2023-04-18T13:23:57","modified_gmt":"2023-04-18T11:23:57","slug":"oft-gestellte-fragen","status":"publish","type":"page","link":"https:\/\/smilesonic.com\/de\/oft-gestellte-fragen\/","title":{"rendered":"Oft gestellte Fragen"},"content":{"rendered":"[vc_row type=&#8220;full_width_background&#8220; full_screen_row_position=&#8220;middle&#8220; column_margin=&#8220;default&#8220; column_direction=&#8220;default&#8220; column_direction_tablet=&#8220;default&#8220; column_direction_phone=&#8220;default&#8220; scene_position=&#8220;center&#8220; text_color=&#8220;dark&#8220; text_align=&#8220;left&#8220; row_border_radius=&#8220;none&#8220; row_border_radius_applies=&#8220;bg&#8220; overlay_strength=&#8220;0.3&#8243; gradient_direction=&#8220;left_to_right&#8220; shape_divider_position=&#8220;bottom&#8220; bg_image_animation=&#8220;none&#8220; shape_type=&#8220;&#8220;][vc_column column_padding=&#8220;no-extra-padding&#8220; column_padding_tablet=&#8220;inherit&#8220; column_padding_phone=&#8220;inherit&#8220; column_padding_position=&#8220;all&#8220; background_color_opacity=&#8220;1&#8243; background_hover_color_opacity=&#8220;1&#8243; column_shadow=&#8220;none&#8220; column_border_radius=&#8220;none&#8220; column_link_target=&#8220;_self&#8220; gradient_direction=&#8220;left_to_right&#8220; overlay_strength=&#8220;0.3&#8243; width=&#8220;1\/1&#8243; tablet_width_inherit=&#8220;default&#8220; tablet_text_alignment=&#8220;default&#8220; phone_text_alignment=&#8220;default&#8220; column_border_width=&#8220;none&#8220; column_border_style=&#8220;solid&#8220; bg_image_animation=&#8220;none&#8220;][vc_column_text css=&#8220;.vc_custom_1630318038183{padding-bottom: 45px !important;}&#8220;]\n<h1 style=\"font-weight: 300;\">Oft gestellte Fragen<\/h1>\n[\/vc_column_text][\/vc_column][\/vc_row][vc_row type=&#8220;full_width_background&#8220; full_screen_row_position=&#8220;middle&#8220; column_margin=&#8220;default&#8220; column_direction=&#8220;default&#8220; column_direction_tablet=&#8220;default&#8220; column_direction_phone=&#8220;default&#8220; bg_color=&#8220;#f7f7f7&#8243; scene_position=&#8220;center&#8220; top_padding=&#8220;100&#8243; bottom_padding=&#8220;100&#8243; text_color=&#8220;dark&#8220; text_align=&#8220;left&#8220; row_border_radius=&#8220;none&#8220; row_border_radius_applies=&#8220;bg&#8220; overlay_strength=&#8220;0.3&#8243; gradient_direction=&#8220;left_to_right&#8220; shape_divider_position=&#8220;bottom&#8220; bg_image_animation=&#8220;none&#8220;][vc_column column_padding=&#8220;no-extra-padding&#8220; column_padding_tablet=&#8220;inherit&#8220; column_padding_phone=&#8220;inherit&#8220; column_padding_position=&#8220;all&#8220; background_color_opacity=&#8220;1&#8243; background_hover_color_opacity=&#8220;1&#8243; column_shadow=&#8220;none&#8220; column_border_radius=&#8220;none&#8220; column_link_target=&#8220;_self&#8220; gradient_direction=&#8220;left_to_right&#8220; overlay_strength=&#8220;0.3&#8243; width=&#8220;1\/1&#8243; tablet_width_inherit=&#8220;default&#8220; tablet_text_alignment=&#8220;default&#8220; phone_text_alignment=&#8220;default&#8220; column_border_width=&#8220;none&#8220; column_border_style=&#8220;solid&#8220; bg_image_animation=&#8220;none&#8220;][vc_column_text]\n<h2>Auswahl einer Zahnb\u00fcrste<\/h2>\n[\/vc_column_text][toggles style=&#8220;minimal&#8220;][toggle color=&#8220;Default&#8220; title=&#8220;Wie w\u00e4hle ich eine Schallzahnb\u00fcrste aus?&#8220;][vc_column_text]Du m\u00f6chtest dir eine Schallzahnb\u00fcrste kaufen? Empfindliche Z\u00e4hne, Zahnspange oder Risiko f\u00fcr Zahnfleischerkrankungen \u2013 viele Faktoren spielen beim Kauf eine Rolle. Damit du und die Zahnb\u00fcrste auf den ersten B\u00fcrstenstrich harmoniert, achtest du am besten auf folgende Aspekte.<\/p>\n<p>Was sind deine pers\u00f6nlichen Gegebenheiten? Sind deine Z\u00e4hne besonders empfindlich? Neigst du h\u00e4ufig zu Zahnfleischerkrankungen wie Gingivitis oder zu einem erh\u00f6hten Risiko f\u00fcr Karies? Je nachdem wie deine Z\u00e4hne beschaffen sind, eignen sich unterschiedliche Modelle besser.<\/p>\n<p>Wichtig ist auch, was du dir selbst w\u00fcnschst. Abh\u00e4ngig von deinen Zielen, achtest du am besten auf die einzelnen Produktdetails. Welche Modi und Funktionen bietet die Zahnb\u00fcrste? Wie hoch ist die Betriebsgeschwindigkeit und welche B\u00fcrstenk\u00f6pfe lassen sich verwenden?<\/p>\n<p>M\u00f6chtest du zum Beispiel endlich hellere Z\u00e4hne? Dann w\u00e4hlst du am besten eine Schallzahnb\u00fcrste, die ordentlich Power hat und dadurch selbst hartn\u00e4ckige Verf\u00e4rbungen entfernen kann. Wichtig ist eine Schallschwingst\u00e4rke zwischen 80,000 und 96.000. Zum Vergleich: Das Spitzenmodell von uns die Smilesonic UP, schafft 96.000 Schwingungen pro Minute. Dazu den ShinyWhite oder SupremeWhite B\u00fcrstenkopf und du kommst deinem Ziel einen ganzen B\u00fcrstenstrich n\u00e4her.<\/p>\n<p>\u00dcbrigens: Du kannst deine Smilesonic Schallzahnb\u00fcrste auch teilen, denn die Aufsteckb\u00fcrsten sind alle mit Symbolen versehen. Praktisch ist, wenn das Modell verschiedene Modi und Funktionen hat, damit alle Reinigungsw\u00fcnsche ber\u00fccksichtigt werden k\u00f6nnen.[\/vc_column_text][\/toggle][toggle color=&#8220;Default&#8220; title=&#8220;Schallzahnb\u00fcrste oder elektrische Zahnb\u00fcrste?&#8220;][vc_column_text]Kommt es dir so vor, als ob sich beide Zahnb\u00fcrstenarten relativ \u00e4hnlich sind? Das mag auf den ersten Blick so aussehen. Wenn man genauer hinsieht, gibt es jedoch kleine, aber feine Unterschiede, welche dir die Auswahl erleichtern.<\/p>\n<p>Elektrische Zahnb\u00fcrsten haben einen runden B\u00fcrstenkopf. Die H\u00f6chstgeschwindigkeit kommt auf rund 8800 Rotationen pro Minute. Sie entfernen Plaque und Verf\u00e4rbungen mechanisch und damit viel effizienter als Handzahnb\u00fcrsten. Wichtig ist jedoch die richtige Zahnputztechnik, da jeder Zahn einzeln geputzt werden muss.<\/p>\n<p>Schallzahnb\u00fcrsten hingegen haben einen l\u00e4nglichen Kopf, der mehrere Z\u00e4hne gleichzeitig erfassen kann. Allerdings ist es anfangs schwerer die Backenz\u00e4hne zu erreichen. Die Reinigungskraft liegt in den extrem schnell vibrierenden B\u00fcrstenk\u00f6pfen. Die Smilesonic UP kann beispielsweise bis zu 96.000 Schwingungen pro Minute erreichen.<\/p>\n<p>Auch deine Zahnzwischenr\u00e4ume kommen nicht zu kurz. Die Smilesonic-Schallzahnb\u00fcrste arbeitet auf Basis von herk\u00f6mmlicher Zahnpasta und kann mithilfe unseres Speichels einen dynamischen Fl\u00fcssigkeitsstrom erzeugen.\u00a0 Ganz wichtig bei Zahnspangen, Br\u00fccken und Co: W\u00e4hle den passenden Aufsatz dazu (OrthoClean)<\/p>\n<p>Bist du dir noch unsicher, welche Zahnb\u00fcrste besser zu dir passt? Es gibt noch ein wichtiges Kriterium: Mit einer Schallzahnb\u00fcrste musst du nicht fest aufdr\u00fccken und kannst dich dennoch \u00fcber eine gr\u00fcndliche Reinigung freuen. Die wichtigsten Unterschiede zwischen Schallzahnb\u00fcrste und elektrische Zahnb\u00fcrste haben wir auch nochmal hier f\u00fcr dich im \u00dcberblick.<\/p>\n<ul>\n<li>Technologie<\/li>\n<li>Gr\u00f6\u00dfe des B\u00fcrstenkopfes<\/li>\n<li>Maximale Geschwindigkeit<\/li>\n<li>Preis<\/li>\n<\/ul>\n[\/vc_column_text][\/toggle][toggle color=&#8220;Default&#8220; title=&#8220;F\u00fcr wen ist eine Schallzahnb\u00fcrste geeignet? Wer kann eine Schallzahnb\u00fcrste nutzen?&#8220;][vc_column_text]Zugegeben: Der Name klingt etwas futuristisch. Abgehoben oder kompliziert gestaltet ist eine Schallzahnb\u00fcrste jedoch nicht. Im Gegenteil! Smilesonic-Schallzahnb\u00fcrsten sind einfach gestaltet und per Druckknopf einstellbar. Dadurch eignen sie sich f\u00fcr Kinder und Erwachsene. Die Bedienung ist einfach und f\u00fcr jeden verst\u00e4ndlich.<\/p>\n<p>Au\u00dferdem sind Schallzahnb\u00fcrsten nicht invasiv und sehr sanft. Beim Z\u00e4hne putzen musst du nicht fest aufdr\u00fccken, sondern l\u00e4sst den B\u00fcrstenkopf \u00fcber deine Z\u00e4hne schwingen. Dadurch eignen sie sich auch f\u00fcr Menschen mit empfindlicheren Z\u00e4hnen.<\/p>\n<p>Bei Smilesonic wissen wir: Jedes Gebiss ist individuell. Daher sind unsere Schallzahnb\u00fcrsten so konzipiert, dass sie zu m\u00f6glichst vielen Benutzern passen. Durch verschiedene Betriebsmodi und B\u00fcrstenk\u00f6pfe, kannst du die Zahnb\u00fcrste individuell an dich anpassen. Du tr\u00e4gst zum Beispiel eine Zahnspange? Kein Problem, w\u00e4hle einfach den B\u00fcrstenkopf \u201cOrtho Clean\u201d zu deiner Schallzahnb\u00fcrste.<\/p>\n<p>\u00dcberzeugt? Dann st\u00f6bere doch am besten gleich mal in unserem Onlineshop und entdecke unsere verschiedenen Modelle.[\/vc_column_text][\/toggle][toggle color=&#8220;Default&#8220; title=&#8220;Welche Schallzahnb\u00fcrste f\u00fcr mein Kind?&#8220;][vc_column_text]Smilesonic eignet sich schon f\u00fcr die J\u00fcngsten unter uns. Faktoren wie kleinere B\u00fcrstenk\u00f6pfe, eine geringere Schallgeschwindigkeit oder Features wie ein Timer sorgen daf\u00fcr, dass sich Kinder beim Z\u00e4hne putzen, rundum wohl f\u00fchlen.<\/p>\n<p>Verweigert ein Kind die Zahnreinigung, liegt es oft daran, dass die Zahnb\u00fcrste unangenehm im Mund ist. Kinder sind deutlich empfindlicher. Daher ist der B\u00fcrstenkopf KIDS von Smilesonic mit besonders weichen Borsten ausgestattet. Experten raten dazu, eine Schallzahnb\u00fcrste ab drei Jahren zu verwenden.<\/p>\n<p>Was noch wichtig ist? Ein kindgerechtes Design nat\u00fcrlich. Bei der Zahnb\u00fcrste KIDS von Smilesonic motiviert ein keiner Dinosaurier zum gr\u00fcndlichen Putzen, Durch die eingebauten Timer wissen deine Kinder sofort, wann es Zeit ist die Seite zu wechseln.[\/vc_column_text][\/toggle][toggle color=&#8220;Default&#8220; title=&#8220;Welche elektrische Zahnb\u00fcrste empfehlen Zahn\u00e4rzte?&#8220;][vc_column_text]Die Auswahl an elektrischen Zahnb\u00fcrsten ist gro\u00df. Doch welche ist f\u00fcr unsere Z\u00e4hne und Bed\u00fcrfnisse am besten? Um eine gute Auswahl treffen zu k\u00f6nnen, interessieren sich viele f\u00fcr die Empfehlung von Zahn\u00e4rzten. Ganz nach dem Leitsatz: F\u00fcr die eigenen Z\u00e4hne nur das Beste! Die meisten Zahn\u00e4rzte sprechen keine markenbezogenen Empfehlungen aus. Vielmehr geht es um die Entscheidung: Rotierende elektrische Zahnb\u00fcrste, Schallzahnb\u00fcrste oder Ultraschallzahnb\u00fcrste?<\/p>\n<p>Aufgrund ihrer exzellenten Reinigungsleistung und dem schonenden Putzvorgang, werden Schallzahnb\u00fcrsten h\u00e4ufig empfohlen. Du profitierst von einem guten Preis-Leistungs-Verh\u00e4ltnis, denn Ultraschallzahnb\u00fcrsten liegen in der Regel preislich deutlich h\u00f6her.<\/p>\n<p>Auf der Suche nach der besten Schallzahnb\u00fcrste sind letztendlich folgende Aspekte wichtig:<\/p>\n<ul>\n<li>eine qualitativ hochwertige Verarbeitung der Zahnb\u00fcrste<\/li>\n<li>verschiedene B\u00fcrstenk\u00f6pfe f\u00fcr individuelle Bed\u00fcrfnisse<\/li>\n<li>Anzahl der Schwingungen pro Minute (Smilesonic UP erzielt z.b. 96.000 Schwingungen pro Minute, der Durchschnitt liegt bei 30.000 Schwingungen pro Minute)<\/li>\n<\/ul>\n[\/vc_column_text][\/toggle][toggle color=&#8220;Default&#8220; title=&#8220;Welche Schallzahnb\u00fcrste bei freilegenden Zahnh\u00e4lsen? &#8222;][vc_column_text]Freiliegende Zahnh\u00e4lse k\u00f6nnen schmerzhaft sein. Da das Zahnfleisch als nat\u00fcrlicher Schutz fehlt, reagieren die Z\u00e4hne empfindlicher. Eine sanfte, aber dennoch intensive Zahnpflege ist nun wichtig. Die Schallzahnb\u00fcrsten von Smilesonic unterst\u00fctzen dich ideal bei deiner t\u00e4glichen Zahnpflege. W\u00e4hrend dem Putzen werden bis zu 96.000 Schwingungen pro Minute erzeugt. Deine Z\u00e4hne werden intensiv gereinigt, ohne dass du fest aufdr\u00fccken musst.<\/p>\n<p>Zum Vergleich: Mit einer Handzahnb\u00fcrste gelingen dir nur ca. 200 B\u00fcrstenstriche pro Minute, bei einer elektrischen Zahnb\u00fcrste sind es rund 8800 Rotationen pro Minute. Auch der B\u00fcrstenkopf ist bei einer Schallzahnb\u00fcrste effizienter. Durch die l\u00e4ngliche Form kannst du mehrere Z\u00e4hne gleichzeitig putzen. Unser Tipp: Der B\u00fcrstenkopf \u201cSensiTouch\u201d hat besonders weiche Borsten und ist die ideale Wahl, wenn du empfindlich reagierst.<\/p>\n<p>Eine gr\u00fcndliche Zahnhygiene ist bei freiliegenden Zahnh\u00e4lsen besonders wichtig. Durch das Zusammenwirken aus Speichel und Zahnpasta kann bei der Schalltechnologie ein dynamischer Fl\u00fcssigkeitsstrom erzeugt werden. Dadurch k\u00f6nnen Speisreste und mehr einfach heraus gesp\u00fclt werden.[\/vc_column_text][\/toggle][\/toggles][vc_column_text css=&#8220;.vc_custom_1630317849974{margin-top: 80px !important;}&#8220;]\n<h2>Verwendung der Zahnb\u00fcrste<\/h2>\n[\/vc_column_text][toggles style=&#8220;minimal&#8220;][toggle color=&#8220;Default&#8220; title=&#8220;Wie funktioniert eine Schallzahnb\u00fcrste?&#8220;][vc_column_text]Der Begriff \u201cSchallzahnb\u00fcrste\u201d klingt tats\u00e4chlich etwas futuristisch. Im Prinzip ist es jedoch einfach zu erkl\u00e4ren.<\/p>\n<p>Ein spezieller Motor versetzt die Borsten der Schallzahnb\u00fcrste in Schwingungen. Es entsteht durch Wasser und Speichel eine Fl\u00fcssigkeit, in der sich die Schallwellen ausbreiten k\u00f6nnen. Dadurch entstehen Mikrobl\u00e4schen, die Bakterien und weitere Ablagerungen einfach wegsp\u00fclen k\u00f6nnen.<\/p>\n<p>Durch die Schalltechnologie z\u00e4hlen Schallzahnb\u00fcrsten daher zu den fortschrittlichsten Zahnb\u00fcrsten. Ein weiterer Vorteil ist die hohe Geschwindigkeit, die neueste Modelle mittlerweile erreichen k\u00f6nnen. Unser Spitzenmodell Smilesonic UP schafft beispielsweise bis zu 96.000 Schwingungen pro Minute.<\/p>\n<p>Ein gro\u00dfer Vorteil: Sowohl Erwachsene als auch Kinder k\u00f6nnen von der au\u00dferordentlichen Reinigungsleistung der Schallzahnb\u00fcrsten profitieren. Selbst \u00e4ltere Menschen mit fehlenden Z\u00e4hnen oder Zahnspangentr\u00e4ger k\u00f6nnen eine Zahnb\u00fcrste mit Schall nutzen.[\/vc_column_text][\/toggle][toggle color=&#8220;Default&#8220; title=&#8220;Wie putze ich meine Z\u00e4hne mit einer Schallzahnb\u00fcrste?&#8220;][vc_column_text]Das Z\u00e4hneputzen ist auch mit einer Schallzahnb\u00fcrste unkompliziert. Wichtigste Voraussetzung: Deine Zahnb\u00fcrste ist aufgeladen. Smilesonic Schallzahnb\u00fcrsten zeichnen sich \u00fcbrigens durch eine besonders langlebige Akku-Leistung aus.<\/p>\n<p>Bereit zum Putzen? Feuchte den B\u00fcrstenkopf mit etwas Wasser an und trage eine kleine Menge Zahnpasta deiner Wahl auf. Schon gewusst? Zahnpasta mit einem niedrigen RDA-Wert reizt deinen Zahnschmelz nicht. Setze die Zahnb\u00fcrste im Mund an und schalte sie erst dann per Druckknopf an. Ansonsten riskierst du Flecken auf dem Badezimmerspiegel.<\/p>\n<p>Halte deine Zahnb\u00fcrste beim Putzen in einem 45-Grad-Winkel, wie bei der Verwendung einer Handzahnb\u00fcrste. Denke daran, dass du dir wirklich f\u00fcr alle vier Bereiche deines Mundes (oben links, oben rechts, unten links, unten rechts) ausreichend Zeit nimmst. Experten empfehlen 30 Sekunden pro Quadranten.<\/p>\n<p>Am Schluss solltest du auf eine Gesamtdauer von zwei Minuten Z\u00e4hne putzen kommen. Das Gute: Deine Smilesonic-Schallzahnb\u00fcrste hat einen eingebauten Timer und zeigt dir automatisch an, wann du fertig bist.<\/p>\n<p>Geschafft? Bevor du alle mit deinem strahlenden L\u00e4cheln begeisterst, vergiss nicht deine Zahnb\u00fcrste sauber zu machen. Am besten nimmst du den B\u00fcrstenkopf ab und reinigst diesen unter flie\u00dfendem Wasser. Den Griff kannst du abwischen. Stelle die Zahnb\u00fcrste in ihre Ladestation. Hier wartet sie auf dich bis zum n\u00e4chsten Z\u00e4hneputzen.[\/vc_column_text][\/toggle][toggle color=&#8220;Default&#8220; title=&#8220;Wie oft muss ich die Aufs\u00e4tze meiner Schallzahnb\u00fcrste austauschen?&#8220;][vc_column_text]Experten und Zahn\u00e4rzte empfehlen den B\u00fcrstenkopf alle drei Monate auszuwechseln. Nach \u00fcberstandenen Krankheiten auch fr\u00fcher. Manchmal kann es sein, dass die Borsten schon vorher abgenutzt sind, weil du zum Beispiel zu fest aufgedr\u00fcckt hast beim Putzen.<\/p>\n<p>Mit Smilesonic musst du nicht selbst dran denken, wann es Zeit f\u00fcr einen Wechsel wird. Dein B\u00fcrstenkopf zeigt dir automatisch an, wann du einen neuen Aufsatz ben\u00f6tigst. Die Farbe der Borsten verblasst mit zunehmender Abnutzung.[\/vc_column_text][\/toggle][toggle color=&#8220;Default&#8220; title=&#8220;Welche Zahnpasta f\u00fcr eine Schallzahnb\u00fcrste?&#8220;][vc_column_text]Grunds\u00e4tzlich gilt bei deiner Zahnpasta: Die Wahl ist Geschmackssache. In Verbindung mit einer Schallzahnb\u00fcrste m\u00f6chten wir dir jedoch gewisse Empfehlungen aussprechen, damit du noch besser von der Reinigungsleistung profitieren kannst,<\/p>\n<ol>\n<li>Achte darauf, dass deine Zahnpasta eine niedrige Abriebstufe (RDA) aufweist. Sind grobe Partikel enthalten, kann dein Zahnschmelz durch die hohen Schwingungen abgerieben werden.<\/li>\n<li>Wichtig ist auch, dass die Konsistenz der Zahnpasta etwas dicker ist. Dadurch flie\u00dft die Paste nicht so schnell vom B\u00fcrstenkopf herunter, was bei der hohen Geschwindigkeit der Schwingungen von Vorteil ist.<\/li>\n<li>Nachteilig sind auch zu viele sch\u00e4umende Inhaltsstoffe. Diese k\u00f6nnen die Reinigungsleistung ebenfalls beeintr\u00e4chtigen.<\/li>\n<\/ol>\n[\/vc_column_text][\/toggle][toggle color=&#8220;Default&#8220; title=&#8220;Wie oft elektrische Zahnb\u00fcrste wechseln? &#8222;][vc_column_text]Die gute Nachricht ist: Bei elektrischen Zahnb\u00fcrsten musst du lediglich den B\u00fcrstenkopf regelm\u00e4\u00dfig auswechseln. Handzahnb\u00fcrsten wandern nach ca. drei Monaten komplett in den M\u00fcll. Zahn\u00e4rzte empfehlen auch bei elektrischen Zahnb\u00fcrsten, dass du den Aufsatz nach rund drei Monaten auswechselt. Warst du krank, dann kannst du auch schon fr\u00fcher einen neuen B\u00fcrstenkopf verwenden.<\/p>\n<p>Am besten legst du dir einen kleinen Vorrat an B\u00fcrstenk\u00f6pfen an. Dann hast du immer Ersatz und musst nicht erst einen neuen Aufsatz kaufen. Im Onlineshop von Smilesonic findest du passende <a href=\"https:\/\/smilesonic.com\/de\/produkt-kategorie\/smilesonic-zahnbuerste-tipps\/\">B\u00fcrstenk\u00f6pfe f\u00fcr deine Schallzahnb\u00fcrste<\/a>. Du kannst diese bequem online bestellen.<\/p>\n<p>Schon gewusst? Dein Smilesonic-B\u00fcrstenkopf zeigt dir automatisch an, wann es Zeit f\u00fcr einen Wechsel ist. Die Farbe der Borsten verblasst zunehmend. Ist sie nicht mehr zu sehen, verwendest du besser einen neuen Aufsatz.[\/vc_column_text][\/toggle][\/toggles][\/vc_column][\/vc_row]\n","protected":false},"excerpt":{"rendered":"<p>[vc_row type=&#8220;full_width_background&#8220; full_screen_row_position=&#8220;middle&#8220; column_margin=&#8220;default&#8220; column_direction=&#8220;default&#8220; column_direction_tablet=&#8220;default&#8220; column_direction_phone=&#8220;default&#8220; scene_position=&#8220;center&#8220; text_color=&#8220;dark&#8220; text_align=&#8220;left&#8220; row_border_radius=&#8220;none&#8220; row_border_radius_applies=&#8220;bg&#8220; overlay_strength=&#8220;0.3&#8243; gradient_direction=&#8220;left_to_right&#8220; shape_divider_position=&#8220;bottom&#8220; bg_image_animation=&#8220;none&#8220; shape_type=&#8220;&#8220;][vc_column column_padding=&#8220;no-extra-padding&#8220; column_padding_tablet=&#8220;inherit&#8220; column_padding_phone=&#8220;inherit&#8220; column_padding_position=&#8220;all&#8220; background_color_opacity=&#8220;1&#8243; background_hover_color_opacity=&#8220;1&#8243; column_shadow=&#8220;none&#8220; column_border_radius=&#8220;none&#8220;&#8230;<\/p>\n","protected":false},"author":1,"featured_media":0,"parent":0,"menu_order":0,"comment_status":"closed","ping_status":"closed","template":"","meta":{"_acf_changed":false,"footnotes":""},"class_list":["post-16434","page","type-page","status-publish"],"acf":[],"_links":{"self":[{"href":"https:\/\/smilesonic.com\/de\/wp-json\/wp\/v2\/pages\/16434","targetHints":{"allow":["GET"]}}],"collection":[{"href":"https:\/\/smilesonic.com\/de\/wp-json\/wp\/v2\/pages"}],"about":[{"href":"https:\/\/smilesonic.com\/de\/wp-json\/wp\/v2\/types\/page"}],"author":[{"embeddable":true,"href":"https:\/\/smilesonic.com\/de\/wp-json\/wp\/v2\/users\/1"}],"replies":[{"embeddable":true,"href":"https:\/\/smilesonic.com\/de\/wp-json\/wp\/v2\/comments?post=16434"}],"version-history":[{"count":7,"href":"https:\/\/smilesonic.com\/de\/wp-json\/wp\/v2\/pages\/16434\/revisions"}],"predecessor-version":[{"id":38314,"href":"https:\/\/smilesonic.com\/de\/wp-json\/wp\/v2\/pages\/16434\/revisions\/38314"}],"wp:attachment":[{"href":"https:\/\/smilesonic.com\/de\/wp-json\/wp\/v2\/media?parent=16434"}],"curies":[{"name":"wp","href":"https:\/\/api.w.org\/{rel}","templated":true}]}}